{"id":429,"date":"2019-04-12T12:12:14","date_gmt":"2019-04-12T12:12:14","guid":{"rendered":"http:\/\/advokatsandberg.se\/?page_id=25"},"modified":"2025-07-15T11:30:11","modified_gmt":"2025-07-15T10:30:11","slug":"valkommen","status":"publish","type":"page","link":"https:\/\/advokatsandberg.se\/en\/valkommen\/","title":{"rendered":"V\u00e4lkommen"},"content":{"rendered":"<p>Jessica Sandberg's Law Firm provides legal services specializes in custody, criminal cases and assignments as a plaintiff's counsel for crime victims and international child abduction cases.<\/p>\n\n\n\n<p>Vi f\u00f6renar kompetens med omsorg och engagemang f\u00f6r varje enskild klient. F\u00f6r oss \u00e4r samtliga klienter och deras \u00e4renden lika viktiga. Advokat Jessica Sandberg har l\u00e5ngt g\u00e5ende erfarenhet att f\u00f6retr\u00e4da klienter som hamnat i sv\u00e5ra familjer\u00e4ttsliga tvister och hj\u00e4lpt brottsoffer i sv\u00e5ra m\u00e5l.<\/p>\n\n\n\n<p>Advokatbyr\u00e5n Jessica Sandberg grundades \u00e5r 2010 och har sitt s\u00e4te i Stockholm men tar sig an \u00e4renden i hela Sverige och bist\u00e5r \u00e4ven klienter globalt. Referenser och press <a href=\"https:\/\/advokatsandberg.se\/en\/referenser-och-press\/\">hittar du h\u00e4r.<\/a><\/p>\n\n\n\n<hr class=\"wp-block-separator has-css-opacity\"\/>\n\n\n\n<p style=\"font-size:10px\"><em>DISCLAIMER<\/em><br>Material som publiceras p\u00e5 denna hemsida \u00e4r endast avsett som allm\u00e4n information och utg\u00f6r inte professionell r\u00e5dgivning. Det finns risk f\u00f6r att inneh\u00e5llet inte \u00e4r utt\u00f6mmande eller helt uppdaterat. Otill\u00e5tet anv\u00e4ndande av material p\u00e5 hemsidan sker p\u00e5 anv\u00e4ndarens egen risk. Advokatfirman Jessica Sandberg AB ansvarar inte f\u00f6r inneh\u00e5llet p\u00e5 hemsidan eller material p\u00e5 annan hemsida med l\u00e4nk till eller fr\u00e5n denna hemsida. Material som publiceras p\u00e5 denna hemsida tillh\u00f6r advokatfirman. Framst\u00e4llning av exemplar, framf\u00f6rande, spridning, visning eller annan \u00f6verf\u00f6ring till allm\u00e4nheten av materialet p\u00e5 hemsidan \u00e4r f\u00f6rbjuden.<\/p>","protected":false},"excerpt":{"rendered":"<p>Advokatbyr\u00e5n Jessica Sandberg AB \u00e4r en byr\u00e5 med s\u00e4rskild inriktning inom v\u00e5rdnad, brottm\u00e5l och uppdrag som m\u00e5ls\u00e4gandebitr\u00e4de f\u00f6r brottsoffer samt internationella barnbortf\u00f6rande\u00e4renden. Vi f\u00f6renar kompetens med omsorg och engagemang f\u00f6r varje enskild klient. F\u00f6r oss \u00e4r samtliga klienter och deras \u00e4renden lika viktiga. Advokat Jessica Sandberg har l\u00e5ngt g\u00e5ende erfarenhet att f\u00f6retr\u00e4da klienter som hamnat [&hellip;]<\/p>","protected":false},"author":6,"featured_media":0,"parent":0,"menu_order":0,"comment_status":"closed","ping_status":"closed","template":"","meta":[],"yoast_head":"<!-- This site is optimized with the Yoast SEO plugin v19.10 - https:\/\/yoast.com\/wordpress\/plugins\/seo\/ -->\n<title>V\u00e4lkommen - Advokatbyr\u00e5n Jessica Sandberg<\/title>\n<meta name=\"description\" content=\"Advokatbyr\u00e5n Jessica Sandberg erbjuder professionell juridisk hj\u00e4lp inom familjer\u00e4tt, brottm\u00e5l och tvistem\u00e5l. Vi hj\u00e4lper dig med r\u00e4ttsskydd, r\u00e4ttshj\u00e4lp och trygg representation i din r\u00e4ttsprocess.\" \/>\n<meta name=\"robots\" content=\"index, follow, max-snippet:-1, max-image-preview:large, max-video-preview:-1\" \/>\n<link rel=\"canonical\" href=\"https:\/\/advokatsandberg.se\/en\/valkommen\/\" \/>\n<meta property=\"og:locale\" content=\"en_GB\" \/>\n<meta property=\"og:type\" content=\"article\" \/>\n<meta property=\"og:title\" content=\"V\u00e4lkommen - Advokatbyr\u00e5n Jessica Sandberg\" \/>\n<meta property=\"og:description\" content=\"Advokatbyr\u00e5n Jessica Sandberg erbjuder professionell juridisk hj\u00e4lp inom familjer\u00e4tt, brottm\u00e5l och tvistem\u00e5l. Vi hj\u00e4lper dig med r\u00e4ttsskydd, r\u00e4ttshj\u00e4lp och trygg representation i din r\u00e4ttsprocess.\" \/>\n<meta property=\"og:url\" content=\"https:\/\/advokatsandberg.se\/en\/valkommen\/\" \/>\n<meta property=\"og:site_name\" content=\"Advokatbyr\u00e5n Jessica Sandberg\" \/>\n<meta property=\"article:modified_time\" content=\"2025-07-15T10:30:11+00:00\" \/>\n<meta name=\"twitter:card\" content=\"summary_large_image\" \/>\n<meta name=\"twitter:label1\" content=\"Estimated reading time\" \/>\n\t<meta name=\"twitter:data1\" content=\"1 minute\" \/>\n<script type=\"application\/ld+json\" class=\"yoast-schema-graph\">{\"@context\":\"https:\/\/schema.org\",\"@graph\":[{\"@type\":\"WebPage\",\"@id\":\"https:\/\/advokatsandberg.se\/valkommen\/\",\"url\":\"https:\/\/advokatsandberg.se\/valkommen\/\",\"name\":\"V\u00e4lkommen - Advokatbyr\u00e5n Jessica Sandberg\",\"isPartOf\":{\"@id\":\"https:\/\/advokatsandberg.se\/#website\"},\"datePublished\":\"2019-04-12T12:12:14+00:00\",\"dateModified\":\"2025-07-15T10:30:11+00:00\",\"description\":\"Advokatbyr\u00e5n Jessica Sandberg erbjuder professionell juridisk hj\u00e4lp inom familjer\u00e4tt, brottm\u00e5l och tvistem\u00e5l. Vi hj\u00e4lper dig med r\u00e4ttsskydd, r\u00e4ttshj\u00e4lp och trygg representation i din r\u00e4ttsprocess.\",\"breadcrumb\":{\"@id\":\"https:\/\/advokatsandberg.se\/valkommen\/#breadcrumb\"},\"inLanguage\":\"en-GB\",\"potentialAction\":[{\"@type\":\"ReadAction\",\"target\":[\"https:\/\/advokatsandberg.se\/valkommen\/\"]}]},{\"@type\":\"BreadcrumbList\",\"@id\":\"https:\/\/advokatsandberg.se\/valkommen\/#breadcrumb\",\"itemListElement\":[{\"@type\":\"ListItem\",\"position\":1,\"name\":\"Hem\",\"item\":\"https:\/\/advokatsandberg.se\/\"},{\"@type\":\"ListItem\",\"position\":2,\"name\":\"V\u00e4lkommen\"}]},{\"@type\":\"WebSite\",\"@id\":\"https:\/\/advokatsandberg.se\/#website\",\"url\":\"https:\/\/advokatsandberg.se\/\",\"name\":\"Advokatbyr\u00e5n Jessica Sandberg\",\"description\":\"Svensk och internationell familjer\u00e4tt samt brottm\u00e5l\",\"potentialAction\":[{\"@type\":\"SearchAction\",\"target\":{\"@type\":\"EntryPoint\",\"urlTemplate\":\"https:\/\/advokatsandberg.se\/?s={search_term_string}\"},\"query-input\":\"required name=search_term_string\"}],\"inLanguage\":\"en-GB\"}]}<\/script>\n<!-- \/ Yoast SEO plugin. -->","yoast_head_json":{"title":"V\u00e4lkommen - Advokatbyr\u00e5n Jessica Sandberg","description":"Advokatbyr\u00e5n Jessica Sandberg erbjuder professionell juridisk hj\u00e4lp inom familjer\u00e4tt, brottm\u00e5l och tvistem\u00e5l. Vi hj\u00e4lper dig med r\u00e4ttsskydd, r\u00e4ttshj\u00e4lp och trygg representation i din r\u00e4ttsprocess.","robots":{"index":"index","follow":"follow","max-snippet":"max-snippet:-1","max-image-preview":"max-image-preview:large","max-video-preview":"max-video-preview:-1"},"canonical":"https:\/\/advokatsandberg.se\/en\/valkommen\/","og_locale":"en_GB","og_type":"article","og_title":"V\u00e4lkommen - Advokatbyr\u00e5n Jessica Sandberg","og_description":"Advokatbyr\u00e5n Jessica Sandberg erbjuder professionell juridisk hj\u00e4lp inom familjer\u00e4tt, brottm\u00e5l och tvistem\u00e5l. Vi hj\u00e4lper dig med r\u00e4ttsskydd, r\u00e4ttshj\u00e4lp och trygg representation i din r\u00e4ttsprocess.","og_url":"https:\/\/advokatsandberg.se\/en\/valkommen\/","og_site_name":"Advokatbyr\u00e5n Jessica Sandberg","article_modified_time":"2025-07-15T10:30:11+00:00","twitter_card":"summary_large_image","twitter_misc":{"Estimated reading time":"1 minute"},"schema":{"@context":"https:\/\/schema.org","@graph":[{"@type":"WebPage","@id":"https:\/\/advokatsandberg.se\/valkommen\/","url":"https:\/\/advokatsandberg.se\/valkommen\/","name":"V\u00e4lkommen - Advokatbyr\u00e5n Jessica Sandberg","isPartOf":{"@id":"https:\/\/advokatsandberg.se\/#website"},"datePublished":"2019-04-12T12:12:14+00:00","dateModified":"2025-07-15T10:30:11+00:00","description":"Advokatbyr\u00e5n Jessica Sandberg erbjuder professionell juridisk hj\u00e4lp inom familjer\u00e4tt, brottm\u00e5l och tvistem\u00e5l. Vi hj\u00e4lper dig med r\u00e4ttsskydd, r\u00e4ttshj\u00e4lp och trygg representation i din r\u00e4ttsprocess.","breadcrumb":{"@id":"https:\/\/advokatsandberg.se\/valkommen\/#breadcrumb"},"inLanguage":"en-GB","potentialAction":[{"@type":"ReadAction","target":["https:\/\/advokatsandberg.se\/valkommen\/"]}]},{"@type":"BreadcrumbList","@id":"https:\/\/advokatsandberg.se\/valkommen\/#breadcrumb","itemListElement":[{"@type":"ListItem","position":1,"name":"Hem","item":"https:\/\/advokatsandberg.se\/"},{"@type":"ListItem","position":2,"name":"V\u00e4lkommen"}]},{"@type":"WebSite","@id":"https:\/\/advokatsandberg.se\/#website","url":"https:\/\/advokatsandberg.se\/","name":"Advokatbyr\u00e5n Jessica Sandberg","description":"Svensk och internationell familjer\u00e4tt samt brottm\u00e5l","potentialAction":[{"@type":"SearchAction","target":{"@type":"EntryPoint","urlTemplate":"https:\/\/advokatsandberg.se\/?s={search_term_string}"},"query-input":"required name=search_term_string"}],"inLanguage":"en-GB"}]}},"_links":{"self":[{"href":"https:\/\/advokatsandberg.se\/en\/wp-json\/wp\/v2\/pages\/429"}],"collection":[{"href":"https:\/\/advokatsandberg.se\/en\/wp-json\/wp\/v2\/pages"}],"about":[{"href":"https:\/\/advokatsandberg.se\/en\/wp-json\/wp\/v2\/types\/page"}],"author":[{"embeddable":true,"href":"https:\/\/advokatsandberg.se\/en\/wp-json\/wp\/v2\/users\/6"}],"replies":[{"embeddable":true,"href":"https:\/\/advokatsandberg.se\/en\/wp-json\/wp\/v2\/comments?post=429"}],"version-history":[{"count":1,"href":"https:\/\/advokatsandberg.se\/en\/wp-json\/wp\/v2\/pages\/429\/revisions"}],"predecessor-version":[{"id":928,"href":"https:\/\/advokatsandberg.se\/en\/wp-json\/wp\/v2\/pages\/429\/revisions\/928"}],"wp:attachment":[{"href":"https:\/\/advokatsandberg.se\/en\/wp-json\/wp\/v2\/media?parent=429"}],"curies":[{"name":"wp","href":"https:\/\/api.w.org\/{rel}","templated":true}]}}