{"id":430,"date":"2019-04-12T12:13:17","date_gmt":"2019-04-12T12:13:17","guid":{"rendered":"http:\/\/advokatsandberg.se\/?page_id=27"},"modified":"2021-12-09T08:07:47","modified_gmt":"2021-12-09T07:07:47","slug":"malsagandebitrade","status":"publish","type":"page","link":"https:\/\/advokatsandberg.se\/en\/rattsomraden\/malsagandebitrade\/","title":{"rendered":"Plaintiff's Counsel"},"content":{"rendered":"<div class=\"wp-block-cover alignwide has-background-dim-20 has-background-dim is-position-center-center\" style=\"min-height:375px\"><img decoding=\"async\" loading=\"lazy\" width=\"1920\" height=\"1280\" class=\"wp-block-cover__image-background wp-image-691\" alt=\"\" src=\"https:\/\/advokatsandberg.se\/wp-content\/uploads\/2021\/10\/keenan-constance-B4axGpyGHJk-unsplash.jpg\" style=\"object-position:42% 41%\" data-object-fit=\"cover\" data-object-position=\"42% 41%\" srcset=\"https:\/\/advokatsandberg.se\/wp-content\/uploads\/2021\/10\/keenan-constance-B4axGpyGHJk-unsplash.jpg 1920w, https:\/\/advokatsandberg.se\/wp-content\/uploads\/2021\/10\/keenan-constance-B4axGpyGHJk-unsplash-300x200.jpg 300w, https:\/\/advokatsandberg.se\/wp-content\/uploads\/2021\/10\/keenan-constance-B4axGpyGHJk-unsplash-1024x683.jpg 1024w, https:\/\/advokatsandberg.se\/wp-content\/uploads\/2021\/10\/keenan-constance-B4axGpyGHJk-unsplash-768x512.jpg 768w, https:\/\/advokatsandberg.se\/wp-content\/uploads\/2021\/10\/keenan-constance-B4axGpyGHJk-unsplash-1536x1024.jpg 1536w, https:\/\/advokatsandberg.se\/wp-content\/uploads\/2021\/10\/keenan-constance-B4axGpyGHJk-unsplash-16x12.jpg 16w\" sizes=\"(max-width: 1920px) 100vw, 1920px\" \/><div class=\"wp-block-cover__inner-container\">\n<p class=\"has-text-align-center has-text-color\" style=\"color:#fffffa;font-size:74px;line-height:1.1\"><\/p>\n<\/div><\/div>\n\n\n\n<p>If you have been the victim of a crime or suffered damage as a result of a crime, you are most often entitled to a plaintiff's counsel who protects your interests during the legal process and also protects your rights to indemnity as a result of the crime. It is often very burdensome for a crime victim to undergo a legal process due to the crime they have been affected by. The law firm has extensive experience of difficult criminal proceedings and helps and supports plaintiffs throughout the process and ensures that the plaintiff's rights are safeguarded and ensures that the process is as gentle as possible for the victim. An important part of the process is that you as a plaintiff must receive compensation for your injuries and also receive damages for the crime to which you have been exposed.<\/p>\n\n\n\n<p>If you have suffered damage as a result of a crime may also be entitled to compensation from various insurances. The law firm also assists you with requesting compensation from the insurance companies that may be relevant.<\/p>\n\n\n\n<p>Attorney Jessica Sandberg is often required to be the plaintiff's counsel for crime victims and has, among other things, helped victims in murder trials, violent and sexual crimes and represented children who have been exposed to crime in various ways. As a complainant, you have the right to choose which lawyer you want to represent you as your complainant's adviser.<\/p>\n\n\n\n<h2>Victims of crime abroad<\/h2>\n\n\n\n<p>The law firm also represents victims of crime who have been exposed to crime abroad. Swedish crime victims have the right to receive legal aid in Sweden and with the help of a lawyer to hire site representatives abroad. We can help with this and we assist and support you who have been exposed from here in Sweden and are involved and support you in the legal process in the other country.<\/p>\n\n\n\n<p>We have a specially developed collaboration with women's shelters and legal colleagues in France, Spain, Belgium, Greece, England and the USA. We can also accept you who have been the victim of crime in these countries. Contact us for more information.<\/p>\n\n\n\n<p> <\/p>\n\n\n\n<div class=\"wp-block-button aligncenter is-style-outline\"><a class=\"wp-block-button__link\" href=\"https:\/\/advokatsandberg.se\/en\/referenser-och-press\/\">References<\/a><\/div>\n\n\n\n<hr class=\"wp-block-separator is-style-wide\"\/>\n\n\n\n<p><\/p>","protected":false},"excerpt":{"rendered":"<p>Om du har utsatts f\u00f6r brott eller p\u00e5 annat s\u00e4tt drabbats av skada med anledning av ett brott har du som regel r\u00e4tt till ett m\u00e5ls\u00e4gandebitr\u00e4de som tillvaratar dina intressen under r\u00e4ttsprocessen och \u00e4ven tillvaratar dina r\u00e4ttigheter till skadest\u00e5nd med anledning av brottet. Det \u00e4r oftast mycket betungande f\u00f6r ett brottsoffer att genomg\u00e5 en r\u00e4ttsprocess [&hellip;]<\/p>","protected":false},"author":5,"featured_media":0,"parent":437,"menu_order":0,"comment_status":"closed","ping_status":"closed","template":"","meta":[],"yoast_head":"<!-- This site is optimized with the Yoast SEO plugin v19.10 - https:\/\/yoast.com\/wordpress\/plugins\/seo\/ -->\n<title>M\u00e5ls\u00e4gandebitr\u00e4de - Advokatbyr\u00e5n Jessica Sandberg<\/title>\n<meta name=\"description\" content=\"Om du har utsatts f\u00f6r brott eller p\u00e5 annat s\u00e4tt drabbats av skada med anledning av ett brott har du som regel r\u00e4tt till ett m\u00e5ls\u00e4gandebitr\u00e4de som tillvaratar dina intressen under r\u00e4ttsprocessen och \u00e4ven tillvaratar dina r\u00e4ttigheter till skadest\u00e5nd med anledning av brottet.\" \/>\n<meta name=\"robots\" content=\"index, follow, max-snippet:-1, max-image-preview:large, max-video-preview:-1\" \/>\n<link rel=\"canonical\" href=\"https:\/\/advokatsandberg.se\/en\/rattsomraden\/malsagandebitrade\/\" \/>\n<meta property=\"og:locale\" content=\"en_GB\" \/>\n<meta property=\"og:type\" content=\"article\" \/>\n<meta property=\"og:title\" content=\"M\u00e5ls\u00e4gandebitr\u00e4de - Advokatbyr\u00e5n Jessica Sandberg\" \/>\n<meta property=\"og:description\" content=\"Om du har utsatts f\u00f6r brott eller p\u00e5 annat s\u00e4tt drabbats av skada med anledning av ett brott har du som regel r\u00e4tt till ett m\u00e5ls\u00e4gandebitr\u00e4de som tillvaratar dina intressen under r\u00e4ttsprocessen och \u00e4ven tillvaratar dina r\u00e4ttigheter till skadest\u00e5nd med anledning av brottet.\" \/>\n<meta property=\"og:url\" content=\"https:\/\/advokatsandberg.se\/en\/rattsomraden\/malsagandebitrade\/\" \/>\n<meta property=\"og:site_name\" content=\"Advokatbyr\u00e5n Jessica Sandberg\" \/>\n<meta property=\"article:modified_time\" content=\"2021-12-09T07:07:47+00:00\" \/>\n<meta property=\"og:image\" content=\"https:\/\/advokatsandberg.se\/wp-content\/uploads\/2021\/10\/keenan-constance-B4axGpyGHJk-unsplash.jpg\" \/>\n<meta name=\"twitter:card\" content=\"summary_large_image\" \/>\n<meta name=\"twitter:label1\" content=\"Estimated reading time\" \/>\n\t<meta name=\"twitter:data1\" content=\"2 minutes\" \/>\n<script type=\"application\/ld+json\" class=\"yoast-schema-graph\">{\"@context\":\"https:\/\/schema.org\",\"@graph\":[{\"@type\":\"WebPage\",\"@id\":\"https:\/\/advokatsandberg.se\/rattsomraden\/malsagandebitrade\/\",\"url\":\"https:\/\/advokatsandberg.se\/rattsomraden\/malsagandebitrade\/\",\"name\":\"M\u00e5ls\u00e4gandebitr\u00e4de - Advokatbyr\u00e5n Jessica Sandberg\",\"isPartOf\":{\"@id\":\"https:\/\/advokatsandberg.se\/#website\"},\"datePublished\":\"2019-04-12T12:13:17+00:00\",\"dateModified\":\"2021-12-09T07:07:47+00:00\",\"description\":\"Om du har utsatts f\u00f6r brott eller p\u00e5 annat s\u00e4tt drabbats av skada med anledning av ett brott har du som regel r\u00e4tt till ett m\u00e5ls\u00e4gandebitr\u00e4de som tillvaratar dina intressen under r\u00e4ttsprocessen och \u00e4ven tillvaratar dina r\u00e4ttigheter till skadest\u00e5nd med anledning av brottet.\",\"breadcrumb\":{\"@id\":\"https:\/\/advokatsandberg.se\/rattsomraden\/malsagandebitrade\/#breadcrumb\"},\"inLanguage\":\"en-GB\",\"potentialAction\":[{\"@type\":\"ReadAction\",\"target\":[\"https:\/\/advokatsandberg.se\/rattsomraden\/malsagandebitrade\/\"]}]},{\"@type\":\"BreadcrumbList\",\"@id\":\"https:\/\/advokatsandberg.se\/rattsomraden\/malsagandebitrade\/#breadcrumb\",\"itemListElement\":[{\"@type\":\"ListItem\",\"position\":1,\"name\":\"Hem\",\"item\":\"https:\/\/advokatsandberg.se\/\"},{\"@type\":\"ListItem\",\"position\":2,\"name\":\"R\u00e4ttsomr\u00e5den\",\"item\":\"https:\/\/advokatsandberg.se\/en\/rattsomraden\/\"},{\"@type\":\"ListItem\",\"position\":3,\"name\":\"M\u00e5ls\u00e4gandebitr\u00e4de\"}]},{\"@type\":\"WebSite\",\"@id\":\"https:\/\/advokatsandberg.se\/#website\",\"url\":\"https:\/\/advokatsandberg.se\/\",\"name\":\"Advokatbyr\u00e5n Jessica Sandberg\",\"description\":\"Svensk och internationell familjer\u00e4tt samt brottm\u00e5l\",\"potentialAction\":[{\"@type\":\"SearchAction\",\"target\":{\"@type\":\"EntryPoint\",\"urlTemplate\":\"https:\/\/advokatsandberg.se\/?s={search_term_string}\"},\"query-input\":\"required name=search_term_string\"}],\"inLanguage\":\"en-GB\"}]}<\/script>\n<!-- \/ Yoast SEO plugin. -->","yoast_head_json":{"title":"M\u00e5ls\u00e4gandebitr\u00e4de - Advokatbyr\u00e5n Jessica Sandberg","description":"Om du har utsatts f\u00f6r brott eller p\u00e5 annat s\u00e4tt drabbats av skada med anledning av ett brott har du som regel r\u00e4tt till ett m\u00e5ls\u00e4gandebitr\u00e4de som tillvaratar dina intressen under r\u00e4ttsprocessen och \u00e4ven tillvaratar dina r\u00e4ttigheter till skadest\u00e5nd med anledning av brottet.","robots":{"index":"index","follow":"follow","max-snippet":"max-snippet:-1","max-image-preview":"max-image-preview:large","max-video-preview":"max-video-preview:-1"},"canonical":"https:\/\/advokatsandberg.se\/en\/rattsomraden\/malsagandebitrade\/","og_locale":"en_GB","og_type":"article","og_title":"M\u00e5ls\u00e4gandebitr\u00e4de - Advokatbyr\u00e5n Jessica Sandberg","og_description":"Om du har utsatts f\u00f6r brott eller p\u00e5 annat s\u00e4tt drabbats av skada med anledning av ett brott har du som regel r\u00e4tt till ett m\u00e5ls\u00e4gandebitr\u00e4de som tillvaratar dina intressen under r\u00e4ttsprocessen och \u00e4ven tillvaratar dina r\u00e4ttigheter till skadest\u00e5nd med anledning av brottet.","og_url":"https:\/\/advokatsandberg.se\/en\/rattsomraden\/malsagandebitrade\/","og_site_name":"Advokatbyr\u00e5n Jessica Sandberg","article_modified_time":"2021-12-09T07:07:47+00:00","og_image":[{"url":"https:\/\/advokatsandberg.se\/wp-content\/uploads\/2021\/10\/keenan-constance-B4axGpyGHJk-unsplash.jpg"}],"twitter_card":"summary_large_image","twitter_misc":{"Estimated reading time":"2 minutes"},"schema":{"@context":"https:\/\/schema.org","@graph":[{"@type":"WebPage","@id":"https:\/\/advokatsandberg.se\/rattsomraden\/malsagandebitrade\/","url":"https:\/\/advokatsandberg.se\/rattsomraden\/malsagandebitrade\/","name":"M\u00e5ls\u00e4gandebitr\u00e4de - Advokatbyr\u00e5n Jessica Sandberg","isPartOf":{"@id":"https:\/\/advokatsandberg.se\/#website"},"datePublished":"2019-04-12T12:13:17+00:00","dateModified":"2021-12-09T07:07:47+00:00","description":"Om du har utsatts f\u00f6r brott eller p\u00e5 annat s\u00e4tt drabbats av skada med anledning av ett brott har du som regel r\u00e4tt till ett m\u00e5ls\u00e4gandebitr\u00e4de som tillvaratar dina intressen under r\u00e4ttsprocessen och \u00e4ven tillvaratar dina r\u00e4ttigheter till skadest\u00e5nd med anledning av brottet.","breadcrumb":{"@id":"https:\/\/advokatsandberg.se\/rattsomraden\/malsagandebitrade\/#breadcrumb"},"inLanguage":"en-GB","potentialAction":[{"@type":"ReadAction","target":["https:\/\/advokatsandberg.se\/rattsomraden\/malsagandebitrade\/"]}]},{"@type":"BreadcrumbList","@id":"https:\/\/advokatsandberg.se\/rattsomraden\/malsagandebitrade\/#breadcrumb","itemListElement":[{"@type":"ListItem","position":1,"name":"Hem","item":"https:\/\/advokatsandberg.se\/"},{"@type":"ListItem","position":2,"name":"R\u00e4ttsomr\u00e5den","item":"https:\/\/advokatsandberg.se\/en\/rattsomraden\/"},{"@type":"ListItem","position":3,"name":"M\u00e5ls\u00e4gandebitr\u00e4de"}]},{"@type":"WebSite","@id":"https:\/\/advokatsandberg.se\/#website","url":"https:\/\/advokatsandberg.se\/","name":"Advokatbyr\u00e5n Jessica Sandberg","description":"Svensk och internationell familjer\u00e4tt samt brottm\u00e5l","potentialAction":[{"@type":"SearchAction","target":{"@type":"EntryPoint","urlTemplate":"https:\/\/advokatsandberg.se\/?s={search_term_string}"},"query-input":"required name=search_term_string"}],"inLanguage":"en-GB"}]}},"_links":{"self":[{"href":"https:\/\/advokatsandberg.se\/en\/wp-json\/wp\/v2\/pages\/430"}],"collection":[{"href":"https:\/\/advokatsandberg.se\/en\/wp-json\/wp\/v2\/pages"}],"about":[{"href":"https:\/\/advokatsandberg.se\/en\/wp-json\/wp\/v2\/types\/page"}],"author":[{"embeddable":true,"href":"https:\/\/advokatsandberg.se\/en\/wp-json\/wp\/v2\/users\/5"}],"replies":[{"embeddable":true,"href":"https:\/\/advokatsandberg.se\/en\/wp-json\/wp\/v2\/comments?post=430"}],"version-history":[{"count":2,"href":"https:\/\/advokatsandberg.se\/en\/wp-json\/wp\/v2\/pages\/430\/revisions"}],"predecessor-version":[{"id":692,"href":"https:\/\/advokatsandberg.se\/en\/wp-json\/wp\/v2\/pages\/430\/revisions\/692"}],"up":[{"embeddable":true,"href":"https:\/\/advokatsandberg.se\/en\/wp-json\/wp\/v2\/pages\/437"}],"wp:attachment":[{"href":"https:\/\/advokatsandberg.se\/en\/wp-json\/wp\/v2\/media?parent=430"}],"curies":[{"name":"wp","href":"https:\/\/api.w.org\/{rel}","templated":true}]}}