{"id":433,"date":"2019-04-12T12:16:43","date_gmt":"2019-04-12T12:16:43","guid":{"rendered":"http:\/\/advokatsandberg.se\/?page_id=33"},"modified":"2021-12-09T08:06:55","modified_gmt":"2021-12-09T07:06:55","slug":"brottmal","status":"publish","type":"page","link":"https:\/\/advokatsandberg.se\/en\/rattsomraden\/brottmal\/","title":{"rendered":"Criminal Cases"},"content":{"rendered":"<div class=\"wp-block-cover alignwide has-background-dim-20 has-background-dim is-position-center-center\" style=\"min-height:375px\"><img decoding=\"async\" loading=\"lazy\" width=\"1920\" height=\"1280\" class=\"wp-block-cover__image-background wp-image-669\" alt=\"\" src=\"https:\/\/advokatsandberg.se\/wp-content\/uploads\/2021\/10\/priscilla-du-preez-F9DFuJoS9EU-unsplash.jpg\" style=\"object-position:40% 26%\" data-object-fit=\"cover\" data-object-position=\"40% 26%\" srcset=\"https:\/\/advokatsandberg.se\/wp-content\/uploads\/2021\/10\/priscilla-du-preez-F9DFuJoS9EU-unsplash.jpg 1920w, https:\/\/advokatsandberg.se\/wp-content\/uploads\/2021\/10\/priscilla-du-preez-F9DFuJoS9EU-unsplash-300x200.jpg 300w, https:\/\/advokatsandberg.se\/wp-content\/uploads\/2021\/10\/priscilla-du-preez-F9DFuJoS9EU-unsplash-1024x683.jpg 1024w, https:\/\/advokatsandberg.se\/wp-content\/uploads\/2021\/10\/priscilla-du-preez-F9DFuJoS9EU-unsplash-768x512.jpg 768w, https:\/\/advokatsandberg.se\/wp-content\/uploads\/2021\/10\/priscilla-du-preez-F9DFuJoS9EU-unsplash-1536x1024.jpg 1536w, https:\/\/advokatsandberg.se\/wp-content\/uploads\/2021\/10\/priscilla-du-preez-F9DFuJoS9EU-unsplash-16x12.jpg 16w\" sizes=\"(max-width: 1920px) 100vw, 1920px\" \/><div class=\"wp-block-cover__inner-container\">\n<p class=\"has-text-align-center has-text-color\" style=\"color:#fffffa;font-size:74px;line-height:1.1\"><\/p>\n<\/div><\/div>\n\n\n\n<div class=\"is-layout-flow wp-block-group\"><div class=\"wp-block-group__inner-container\">\n<h2 class=\"has-black-color has-text-color\" style=\"font-size:38px\">You can choose us as a public defender.<\/h2>\n\n\n\n<div class=\"is-layout-flex wp-container-3 wp-block-columns\">\n<div class=\"is-layout-flow wp-block-column\">\n<p style=\"font-size:18px\">A public defender is appointed by the district court. If you are summoned for questioning as a suspect in a crime, you have the right to request a public defender and can choose which lawyer you want. The only condition is that the lawyer can undertake the case.<\/p>\n\n\n\n<p style=\"font-size:18px\">We undertake assignments as public defenders in all types of criminal cases. We always do our utmost to ensure that our clients' rights are respected by police, prosecutors and judges. <\/p>\n<\/div>\n\n\n\n<div class=\"is-layout-flow wp-block-column\">\n<p style=\"font-size:18px\">A defense attorney's mission is to \"protect the suspect's rights with zeal and care and to this end work for the correct explanation of the matter\". In other words, it is about you as a client receiving fair treatment. We always ensure that our clients have a lawyer or paralegal with them during police interviews or other important investigative measures, regardless of the size of the case. We have full confidentiality, represent you and your attitude to the crime and put your needs first.<\/p>\n<\/div>\n<\/div>\n<\/div><\/div>\n\n\n\n<h3>Who has the right to a public defender?<\/h3>\n\n\n\n<p style=\"font-size:18px\">The conditions for obtaining a public defender are regulated in the Code of Judicial Procedure, Chapter 21. 3 a \u00a7. If the suspect is arrested or detained, a public defender must be appointed for him, if he so requests.<\/p>\n\n\n\n<p style=\"font-size:18px\">A public defender shall also be appointed on request for a person suspected of a crime, for which no lesser punishment than imprisonment for six months is provided. In addition, public defenders shall be appointed:<\/p>\n\n\n\n<ul style=\"font-size:18px\"><li>if the suspect is in need of a defender with regard to the investigation of the crime,<\/li><li>if a defender is needed in view of the fact that it is doubtful which sanction should be chosen and there is a reason<\/li><li>to impose a sanction other than a fine or conditional sentence or such sanctions jointly, or<\/li><li>if there are otherwise special reasons regarding the suspect's personal circumstances or to what the case concerns.<\/li><\/ul>\n\n\n\n<hr class=\"wp-block-separator\"\/>","protected":false},"excerpt":{"rendered":"<p>Du kan v\u00e4lja oss som offentlig f\u00f6rsvarare En offentlig f\u00f6rsvarare f\u00f6rordnas av tingsr\u00e4tten. Om du \u00e4r kallad till f\u00f6rh\u00f6r som misst\u00e4nkt f\u00f6r brott har du r\u00e4tt att beg\u00e4ra en offentlig f\u00f6rsvarare och kan v\u00e4lja vilken advokat du vill ha. Enda f\u00f6ruts\u00e4ttningen \u00e4r att advokaten kan \u00e5ta sig m\u00e5let. Vi \u00e5tar oss uppdrag som offentliga f\u00f6rsvarare [&hellip;]<\/p>","protected":false},"author":5,"featured_media":0,"parent":437,"menu_order":0,"comment_status":"closed","ping_status":"closed","template":"","meta":[],"yoast_head":"<!-- This site is optimized with the Yoast SEO plugin v19.10 - https:\/\/yoast.com\/wordpress\/plugins\/seo\/ -->\n<title>Brottm\u00e5l - Advokatbyr\u00e5n Jessica Sandberg<\/title>\n<meta name=\"description\" content=\"En offentlig f\u00f6rsvarare f\u00f6rordnas av tingsr\u00e4tten. Om du \u00e4r kallad till f\u00f6rh\u00f6r som misst\u00e4nkt f\u00f6r brott har du r\u00e4tt att beg\u00e4ra en offentlig f\u00f6rsvarare och kan v\u00e4lja vilken advokat du vill ha. Enda f\u00f6ruts\u00e4ttningen \u00e4r att advokaten kan \u00e5ta sig m\u00e5let.\" \/>\n<meta name=\"robots\" content=\"index, follow, max-snippet:-1, max-image-preview:large, max-video-preview:-1\" \/>\n<link rel=\"canonical\" href=\"https:\/\/advokatsandberg.se\/en\/rattsomraden\/brottmal\/\" \/>\n<meta property=\"og:locale\" content=\"en_GB\" \/>\n<meta property=\"og:type\" content=\"article\" \/>\n<meta property=\"og:title\" content=\"Brottm\u00e5l - Advokatbyr\u00e5n Jessica Sandberg\" \/>\n<meta property=\"og:description\" content=\"En offentlig f\u00f6rsvarare f\u00f6rordnas av tingsr\u00e4tten. Om du \u00e4r kallad till f\u00f6rh\u00f6r som misst\u00e4nkt f\u00f6r brott har du r\u00e4tt att beg\u00e4ra en offentlig f\u00f6rsvarare och kan v\u00e4lja vilken advokat du vill ha. Enda f\u00f6ruts\u00e4ttningen \u00e4r att advokaten kan \u00e5ta sig m\u00e5let.\" \/>\n<meta property=\"og:url\" content=\"https:\/\/advokatsandberg.se\/en\/rattsomraden\/brottmal\/\" \/>\n<meta property=\"og:site_name\" content=\"Advokatbyr\u00e5n Jessica Sandberg\" \/>\n<meta property=\"article:modified_time\" content=\"2021-12-09T07:06:55+00:00\" \/>\n<meta property=\"og:image\" content=\"https:\/\/advokatsandberg.se\/wp-content\/uploads\/2021\/10\/priscilla-du-preez-F9DFuJoS9EU-unsplash.jpg\" \/>\n<meta name=\"twitter:card\" content=\"summary_large_image\" \/>\n<meta name=\"twitter:label1\" content=\"Estimated reading time\" \/>\n\t<meta name=\"twitter:data1\" content=\"2 minutes\" \/>\n<script type=\"application\/ld+json\" class=\"yoast-schema-graph\">{\"@context\":\"https:\/\/schema.org\",\"@graph\":[{\"@type\":\"WebPage\",\"@id\":\"https:\/\/advokatsandberg.se\/rattsomraden\/brottmal\/\",\"url\":\"https:\/\/advokatsandberg.se\/rattsomraden\/brottmal\/\",\"name\":\"Brottm\u00e5l - Advokatbyr\u00e5n Jessica Sandberg\",\"isPartOf\":{\"@id\":\"https:\/\/advokatsandberg.se\/#website\"},\"datePublished\":\"2019-04-12T12:16:43+00:00\",\"dateModified\":\"2021-12-09T07:06:55+00:00\",\"description\":\"En offentlig f\u00f6rsvarare f\u00f6rordnas av tingsr\u00e4tten. Om du \u00e4r kallad till f\u00f6rh\u00f6r som misst\u00e4nkt f\u00f6r brott har du r\u00e4tt att beg\u00e4ra en offentlig f\u00f6rsvarare och kan v\u00e4lja vilken advokat du vill ha. Enda f\u00f6ruts\u00e4ttningen \u00e4r att advokaten kan \u00e5ta sig m\u00e5let.\",\"breadcrumb\":{\"@id\":\"https:\/\/advokatsandberg.se\/rattsomraden\/brottmal\/#breadcrumb\"},\"inLanguage\":\"en-GB\",\"potentialAction\":[{\"@type\":\"ReadAction\",\"target\":[\"https:\/\/advokatsandberg.se\/rattsomraden\/brottmal\/\"]}]},{\"@type\":\"BreadcrumbList\",\"@id\":\"https:\/\/advokatsandberg.se\/rattsomraden\/brottmal\/#breadcrumb\",\"itemListElement\":[{\"@type\":\"ListItem\",\"position\":1,\"name\":\"Hem\",\"item\":\"https:\/\/advokatsandberg.se\/\"},{\"@type\":\"ListItem\",\"position\":2,\"name\":\"R\u00e4ttsomr\u00e5den\",\"item\":\"https:\/\/advokatsandberg.se\/en\/rattsomraden\/\"},{\"@type\":\"ListItem\",\"position\":3,\"name\":\"Brottm\u00e5l\"}]},{\"@type\":\"WebSite\",\"@id\":\"https:\/\/advokatsandberg.se\/#website\",\"url\":\"https:\/\/advokatsandberg.se\/\",\"name\":\"Advokatbyr\u00e5n Jessica Sandberg\",\"description\":\"Svensk och internationell familjer\u00e4tt samt brottm\u00e5l\",\"potentialAction\":[{\"@type\":\"SearchAction\",\"target\":{\"@type\":\"EntryPoint\",\"urlTemplate\":\"https:\/\/advokatsandberg.se\/?s={search_term_string}\"},\"query-input\":\"required name=search_term_string\"}],\"inLanguage\":\"en-GB\"}]}<\/script>\n<!-- \/ Yoast SEO plugin. -->","yoast_head_json":{"title":"Brottm\u00e5l - Advokatbyr\u00e5n Jessica Sandberg","description":"En offentlig f\u00f6rsvarare f\u00f6rordnas av tingsr\u00e4tten. Om du \u00e4r kallad till f\u00f6rh\u00f6r som misst\u00e4nkt f\u00f6r brott har du r\u00e4tt att beg\u00e4ra en offentlig f\u00f6rsvarare och kan v\u00e4lja vilken advokat du vill ha. Enda f\u00f6ruts\u00e4ttningen \u00e4r att advokaten kan \u00e5ta sig m\u00e5let.","robots":{"index":"index","follow":"follow","max-snippet":"max-snippet:-1","max-image-preview":"max-image-preview:large","max-video-preview":"max-video-preview:-1"},"canonical":"https:\/\/advokatsandberg.se\/en\/rattsomraden\/brottmal\/","og_locale":"en_GB","og_type":"article","og_title":"Brottm\u00e5l - Advokatbyr\u00e5n Jessica Sandberg","og_description":"En offentlig f\u00f6rsvarare f\u00f6rordnas av tingsr\u00e4tten. Om du \u00e4r kallad till f\u00f6rh\u00f6r som misst\u00e4nkt f\u00f6r brott har du r\u00e4tt att beg\u00e4ra en offentlig f\u00f6rsvarare och kan v\u00e4lja vilken advokat du vill ha. Enda f\u00f6ruts\u00e4ttningen \u00e4r att advokaten kan \u00e5ta sig m\u00e5let.","og_url":"https:\/\/advokatsandberg.se\/en\/rattsomraden\/brottmal\/","og_site_name":"Advokatbyr\u00e5n Jessica Sandberg","article_modified_time":"2021-12-09T07:06:55+00:00","og_image":[{"url":"https:\/\/advokatsandberg.se\/wp-content\/uploads\/2021\/10\/priscilla-du-preez-F9DFuJoS9EU-unsplash.jpg"}],"twitter_card":"summary_large_image","twitter_misc":{"Estimated reading time":"2 minutes"},"schema":{"@context":"https:\/\/schema.org","@graph":[{"@type":"WebPage","@id":"https:\/\/advokatsandberg.se\/rattsomraden\/brottmal\/","url":"https:\/\/advokatsandberg.se\/rattsomraden\/brottmal\/","name":"Brottm\u00e5l - Advokatbyr\u00e5n Jessica Sandberg","isPartOf":{"@id":"https:\/\/advokatsandberg.se\/#website"},"datePublished":"2019-04-12T12:16:43+00:00","dateModified":"2021-12-09T07:06:55+00:00","description":"En offentlig f\u00f6rsvarare f\u00f6rordnas av tingsr\u00e4tten. Om du \u00e4r kallad till f\u00f6rh\u00f6r som misst\u00e4nkt f\u00f6r brott har du r\u00e4tt att beg\u00e4ra en offentlig f\u00f6rsvarare och kan v\u00e4lja vilken advokat du vill ha. Enda f\u00f6ruts\u00e4ttningen \u00e4r att advokaten kan \u00e5ta sig m\u00e5let.","breadcrumb":{"@id":"https:\/\/advokatsandberg.se\/rattsomraden\/brottmal\/#breadcrumb"},"inLanguage":"en-GB","potentialAction":[{"@type":"ReadAction","target":["https:\/\/advokatsandberg.se\/rattsomraden\/brottmal\/"]}]},{"@type":"BreadcrumbList","@id":"https:\/\/advokatsandberg.se\/rattsomraden\/brottmal\/#breadcrumb","itemListElement":[{"@type":"ListItem","position":1,"name":"Hem","item":"https:\/\/advokatsandberg.se\/"},{"@type":"ListItem","position":2,"name":"R\u00e4ttsomr\u00e5den","item":"https:\/\/advokatsandberg.se\/en\/rattsomraden\/"},{"@type":"ListItem","position":3,"name":"Brottm\u00e5l"}]},{"@type":"WebSite","@id":"https:\/\/advokatsandberg.se\/#website","url":"https:\/\/advokatsandberg.se\/","name":"Advokatbyr\u00e5n Jessica Sandberg","description":"Svensk och internationell familjer\u00e4tt samt brottm\u00e5l","potentialAction":[{"@type":"SearchAction","target":{"@type":"EntryPoint","urlTemplate":"https:\/\/advokatsandberg.se\/?s={search_term_string}"},"query-input":"required name=search_term_string"}],"inLanguage":"en-GB"}]}},"_links":{"self":[{"href":"https:\/\/advokatsandberg.se\/en\/wp-json\/wp\/v2\/pages\/433"}],"collection":[{"href":"https:\/\/advokatsandberg.se\/en\/wp-json\/wp\/v2\/pages"}],"about":[{"href":"https:\/\/advokatsandberg.se\/en\/wp-json\/wp\/v2\/types\/page"}],"author":[{"embeddable":true,"href":"https:\/\/advokatsandberg.se\/en\/wp-json\/wp\/v2\/users\/5"}],"replies":[{"embeddable":true,"href":"https:\/\/advokatsandberg.se\/en\/wp-json\/wp\/v2\/comments?post=433"}],"version-history":[{"count":1,"href":"https:\/\/advokatsandberg.se\/en\/wp-json\/wp\/v2\/pages\/433\/revisions"}],"predecessor-version":[{"id":671,"href":"https:\/\/advokatsandberg.se\/en\/wp-json\/wp\/v2\/pages\/433\/revisions\/671"}],"up":[{"embeddable":true,"href":"https:\/\/advokatsandberg.se\/en\/wp-json\/wp\/v2\/pages\/437"}],"wp:attachment":[{"href":"https:\/\/advokatsandberg.se\/en\/wp-json\/wp\/v2\/media?parent=433"}],"curies":[{"name":"wp","href":"https:\/\/api.w.org\/{rel}","templated":true}]}}