{"id":436,"date":"2019-04-12T12:19:32","date_gmt":"2019-04-12T12:19:32","guid":{"rendered":"http:\/\/advokatsandberg.se\/?page_id=39"},"modified":"2025-07-15T11:43:28","modified_gmt":"2025-07-15T10:43:28","slug":"aktenskapsskillnad-och-samboupplosning","status":"publish","type":"page","link":"https:\/\/advokatsandberg.se\/en\/rattsomraden\/aktenskapsskillnad-och-samboupplosning\/","title":{"rendered":"Divorce"},"content":{"rendered":"<div class=\"wp-block-cover alignwide is-position-center-center\" style=\"min-height:375px\"><span aria-hidden=\"true\" class=\"wp-block-cover__background has-background-dim-20 has-background-dim\"><\/span><img decoding=\"async\" loading=\"lazy\" width=\"1920\" height=\"1163\" class=\"wp-block-cover__image-background wp-image-673\" alt=\"\" src=\"https:\/\/advokatsandberg.se\/wp-content\/uploads\/2021\/10\/kelly-sikkema-beg4vkagLzs-unsplash.jpg\" style=\"object-position:40% 26%\" data-object-fit=\"cover\" data-object-position=\"40% 26%\" srcset=\"https:\/\/advokatsandberg.se\/wp-content\/uploads\/2021\/10\/kelly-sikkema-beg4vkagLzs-unsplash.jpg 1920w, https:\/\/advokatsandberg.se\/wp-content\/uploads\/2021\/10\/kelly-sikkema-beg4vkagLzs-unsplash-300x182.jpg 300w, https:\/\/advokatsandberg.se\/wp-content\/uploads\/2021\/10\/kelly-sikkema-beg4vkagLzs-unsplash-1024x620.jpg 1024w, https:\/\/advokatsandberg.se\/wp-content\/uploads\/2021\/10\/kelly-sikkema-beg4vkagLzs-unsplash-768x465.jpg 768w, https:\/\/advokatsandberg.se\/wp-content\/uploads\/2021\/10\/kelly-sikkema-beg4vkagLzs-unsplash-1536x930.jpg 1536w, https:\/\/advokatsandberg.se\/wp-content\/uploads\/2021\/10\/kelly-sikkema-beg4vkagLzs-unsplash-16x10.jpg 16w\" sizes=\"(max-width: 1920px) 100vw, 1920px\" \/><div class=\"wp-block-cover__inner-container\">\n<p class=\"has-text-align-center has-text-color\" style=\"color:#fffffa;font-size:74px;line-height:1.1\"><\/p>\n<\/div><\/div>\n\n\n\n<div class=\"is-layout-flow wp-block-group\"><div class=\"wp-block-group__inner-container\">\n<h2 class=\"has-black-color has-text-color\" style=\"font-size:38px\">Juridisk hj\u00e4lp vid skilsm\u00e4ssa och samboseparation<\/h2>\n\n\n\n<div class=\"is-layout-flex wp-container-2 wp-block-columns\">\n<div class=\"is-layout-flow wp-block-column\">\n<h3>Skilsm\u00e4ssa \u2013 juridisk r\u00e5dgivning och st\u00f6d<\/h3>\n\n\n\n<p>Vid en&nbsp;<strong>skilsm\u00e4ssa<\/strong>&nbsp;kan det uppst\u00e5 fr\u00e5gor kring&nbsp;<strong>bodelning<\/strong>,&nbsp;<strong>v\u00e5rdnad om barn<\/strong>,&nbsp;<strong>boende<\/strong>&nbsp;och&nbsp;<strong>underh\u00e5ll<\/strong>. Vi hj\u00e4lper dig genom hela processen \u2013 fr\u00e5n ans\u00f6kan om&nbsp;<strong>\u00e4ktenskapsskillnad<\/strong>&nbsp;till att f\u00f6rhandla fram r\u00e4ttvisa och h\u00e5llbara avtal. V\u00e5rt m\u00e5l \u00e4r att du ska k\u00e4nna dig trygg och v\u00e4linformerad i varje steg.<\/p>\n\n\n\n<p>Vi ser till att du f\u00e5r tillg\u00e5ng till&nbsp;<strong>r\u00e4ttsskydd<\/strong>&nbsp;genom din hemf\u00f6rs\u00e4kring om du har r\u00e4tt till det. Om du inte omfattas av r\u00e4ttsskydd kan du i st\u00e4llet ha r\u00e4tt till&nbsp;<strong>r\u00e4ttshj\u00e4lp<\/strong>, vilket inneb\u00e4r att staten t\u00e4cker st\u00f6rre delen av dina juridiska kostnader. Vi hj\u00e4lper dig att ans\u00f6ka om b\u00e5da alternativen.<\/p>\n\n\n\n<h3>Sambouppl\u00f6sning \u2013 n\u00e4r sambof\u00f6rh\u00e5llandet tar slut<\/h3>\n\n\n\n<p>Vid en&nbsp;<strong>samboseparation<\/strong>&nbsp;g\u00e4ller andra regler \u00e4n vid skilsm\u00e4ssa. M\u00e5nga blir \u00f6verraskade av att sambolagen inte automatiskt ger samma skydd som \u00e4ktenskapsbalken. Vi hj\u00e4lper dig att reda ut vad som g\u00e4ller vid&nbsp;<strong>bodelning<\/strong>, och ser till att dina r\u00e4ttigheter tas tillvara.<\/p>\n\n\n\n<p>Har ni ett&nbsp;<strong>samboavtal<\/strong>? Om inte, kan det vara avg\u00f6rande att f\u00e5 juridisk hj\u00e4lp f\u00f6r att undvika framtida konflikter. Vi erbjuder r\u00e5dgivning b\u00e5de inf\u00f6r och efter en separation, och ser till att du f\u00e5r det st\u00f6d du beh\u00f6ver \u2013 oavsett om det g\u00e4ller bostad, bohag eller ekonomiska fr\u00e5gor.<\/p>\n\n\n\n<h3>R\u00e4ttsskydd och r\u00e4ttshj\u00e4lp \u2013 ekonomiskt st\u00f6d i din tvist<\/h3>\n\n\n\n<p>Oavsett om du g\u00e5r igenom en skilsm\u00e4ssa eller en samboseparation kan du ha r\u00e4tt till ekonomiskt st\u00f6d i form av\u00a0<strong>r\u00e4ttsskydd<\/strong>\u00a0eller\u00a0<strong>r\u00e4ttshj\u00e4lp<\/strong>. Vi hj\u00e4lper dig att utreda vad som g\u00e4ller i just ditt fall och sk\u00f6ter ans\u00f6kan \u00e5t dig. P\u00e5 s\u00e5 s\u00e4tt kan du fokusera p\u00e5 att ta dig vidare \u2013 med juridiken i trygga h\u00e4nder.<\/p>\n\n\n\n<p><\/p>\n\n\n\n<h2>Division of property according to divorce and cohabitation dissolution.<\/h2>\n\n\n\n<p>If you or your spouse wants to dissolve your marriage, several issues arise that must be resolved. If you have children in common, this issue must be resolved when you will no longer live together. One of the spouses may also wish to live alone in the joint home for a transitional period. After a divorce, your joint estate must also be dissolved, and a division of property carried out. Questions about maintenance allowance for a spouse can also arise or due to the marriage being dissolved.<\/p>\n\n\n\n<p>Even when the cohabitation relationship is dissolved, questions about the joint home are raised, a cohabitation division is to be carried out and disputes can arise about joint children and about the joint home. There is a difference between a division of property due to divorce and a division of property after a cohabitation separation.<\/p>\n\n\n\n<p>We can assist in all matters related to a divorce or a cohabitation settlement and safeguards your rights and supports you through the process.<\/p>\n\n\n\n<p>Vill du boka en inledande r\u00e5dgivning eller veta mer om hur vi kan hj\u00e4lpa dig?<br><strong>Kontakta Advokatbyr\u00e5n Jessica Sandberg \u2013 vi st\u00e5r vid din sida.<\/strong><\/p>\n<\/div>\n<\/div>\n<\/div><\/div>\n\n\n\n<hr class=\"wp-block-separator has-css-opacity is-style-wide\"\/>","protected":false},"excerpt":{"rendered":"<p>Juridisk hj\u00e4lp vid skilsm\u00e4ssa och samboseparation Skilsm\u00e4ssa \u2013 juridisk r\u00e5dgivning och st\u00f6d Vid en&nbsp;skilsm\u00e4ssa&nbsp;kan det uppst\u00e5 fr\u00e5gor kring&nbsp;bodelning,&nbsp;v\u00e5rdnad om barn,&nbsp;boende&nbsp;och&nbsp;underh\u00e5ll. Vi hj\u00e4lper dig genom hela processen \u2013 fr\u00e5n ans\u00f6kan om&nbsp;\u00e4ktenskapsskillnad&nbsp;till att f\u00f6rhandla fram r\u00e4ttvisa och h\u00e5llbara avtal. V\u00e5rt m\u00e5l \u00e4r att du ska k\u00e4nna dig trygg och v\u00e4linformerad i varje steg. Vi ser till att [&hellip;]<\/p>","protected":false},"author":5,"featured_media":0,"parent":437,"menu_order":0,"comment_status":"closed","ping_status":"closed","template":"","meta":[],"yoast_head":"<!-- This site is optimized with the Yoast SEO plugin v19.10 - https:\/\/yoast.com\/wordpress\/plugins\/seo\/ -->\n<title>\u00c4ktenskapsskillnad och sambouppl\u00f6sning - Advokatbyr\u00e5n Jessica Sandberg<\/title>\n<meta name=\"description\" content=\"F\u00e5 trygg juridisk hj\u00e4lp vid \u00e4ktenskapsskillnad eller sambouppl\u00f6sning. Advokat Jessica Sandberg bist\u00e5r med bodelning, v\u00e5rdnad, samboavtal och r\u00e4ttsskydd.\" \/>\n<meta name=\"robots\" content=\"index, follow, max-snippet:-1, max-image-preview:large, max-video-preview:-1\" \/>\n<link rel=\"canonical\" href=\"https:\/\/advokatsandberg.se\/en\/rattsomraden\/aktenskapsskillnad-och-samboupplosning\/\" \/>\n<meta property=\"og:locale\" content=\"en_GB\" \/>\n<meta property=\"og:type\" content=\"article\" \/>\n<meta property=\"og:title\" content=\"\u00c4ktenskapsskillnad och sambouppl\u00f6sning - Advokatbyr\u00e5n Jessica Sandberg\" \/>\n<meta property=\"og:description\" content=\"F\u00e5 trygg juridisk hj\u00e4lp vid \u00e4ktenskapsskillnad eller sambouppl\u00f6sning. Advokat Jessica Sandberg bist\u00e5r med bodelning, v\u00e5rdnad, samboavtal och r\u00e4ttsskydd.\" \/>\n<meta property=\"og:url\" content=\"https:\/\/advokatsandberg.se\/en\/rattsomraden\/aktenskapsskillnad-och-samboupplosning\/\" \/>\n<meta property=\"og:site_name\" content=\"Advokatbyr\u00e5n Jessica Sandberg\" \/>\n<meta property=\"article:modified_time\" content=\"2025-07-15T10:43:28+00:00\" \/>\n<meta property=\"og:image\" content=\"https:\/\/advokatsandberg.se\/wp-content\/uploads\/2021\/10\/kelly-sikkema-beg4vkagLzs-unsplash.jpg\" \/>\n<meta name=\"twitter:card\" content=\"summary_large_image\" \/>\n<meta name=\"twitter:label1\" content=\"Estimated reading time\" \/>\n\t<meta name=\"twitter:data1\" content=\"3 minutes\" \/>\n<script type=\"application\/ld+json\" class=\"yoast-schema-graph\">{\"@context\":\"https:\/\/schema.org\",\"@graph\":[{\"@type\":\"WebPage\",\"@id\":\"https:\/\/advokatsandberg.se\/rattsomraden\/aktenskapsskillnad-och-samboupplosning\/\",\"url\":\"https:\/\/advokatsandberg.se\/rattsomraden\/aktenskapsskillnad-och-samboupplosning\/\",\"name\":\"\u00c4ktenskapsskillnad och sambouppl\u00f6sning - Advokatbyr\u00e5n Jessica Sandberg\",\"isPartOf\":{\"@id\":\"https:\/\/advokatsandberg.se\/#website\"},\"datePublished\":\"2019-04-12T12:19:32+00:00\",\"dateModified\":\"2025-07-15T10:43:28+00:00\",\"description\":\"F\u00e5 trygg juridisk hj\u00e4lp vid \u00e4ktenskapsskillnad eller sambouppl\u00f6sning. Advokat Jessica Sandberg bist\u00e5r med bodelning, v\u00e5rdnad, samboavtal och r\u00e4ttsskydd.\",\"breadcrumb\":{\"@id\":\"https:\/\/advokatsandberg.se\/rattsomraden\/aktenskapsskillnad-och-samboupplosning\/#breadcrumb\"},\"inLanguage\":\"en-GB\",\"potentialAction\":[{\"@type\":\"ReadAction\",\"target\":[\"https:\/\/advokatsandberg.se\/rattsomraden\/aktenskapsskillnad-och-samboupplosning\/\"]}]},{\"@type\":\"BreadcrumbList\",\"@id\":\"https:\/\/advokatsandberg.se\/rattsomraden\/aktenskapsskillnad-och-samboupplosning\/#breadcrumb\",\"itemListElement\":[{\"@type\":\"ListItem\",\"position\":1,\"name\":\"Hem\",\"item\":\"https:\/\/advokatsandberg.se\/\"},{\"@type\":\"ListItem\",\"position\":2,\"name\":\"R\u00e4ttsomr\u00e5den\",\"item\":\"https:\/\/advokatsandberg.se\/en\/rattsomraden\/\"},{\"@type\":\"ListItem\",\"position\":3,\"name\":\"\u00c4ktenskapsskillnad och sambouppl\u00f6sning\"}]},{\"@type\":\"WebSite\",\"@id\":\"https:\/\/advokatsandberg.se\/#website\",\"url\":\"https:\/\/advokatsandberg.se\/\",\"name\":\"Advokatbyr\u00e5n Jessica Sandberg\",\"description\":\"Svensk och internationell familjer\u00e4tt samt brottm\u00e5l\",\"potentialAction\":[{\"@type\":\"SearchAction\",\"target\":{\"@type\":\"EntryPoint\",\"urlTemplate\":\"https:\/\/advokatsandberg.se\/?s={search_term_string}\"},\"query-input\":\"required name=search_term_string\"}],\"inLanguage\":\"en-GB\"}]}<\/script>\n<!-- \/ Yoast SEO plugin. -->","yoast_head_json":{"title":"\u00c4ktenskapsskillnad och sambouppl\u00f6sning - Advokatbyr\u00e5n Jessica Sandberg","description":"F\u00e5 trygg juridisk hj\u00e4lp vid \u00e4ktenskapsskillnad eller sambouppl\u00f6sning. Advokat Jessica Sandberg bist\u00e5r med bodelning, v\u00e5rdnad, samboavtal och r\u00e4ttsskydd.","robots":{"index":"index","follow":"follow","max-snippet":"max-snippet:-1","max-image-preview":"max-image-preview:large","max-video-preview":"max-video-preview:-1"},"canonical":"https:\/\/advokatsandberg.se\/en\/rattsomraden\/aktenskapsskillnad-och-samboupplosning\/","og_locale":"en_GB","og_type":"article","og_title":"\u00c4ktenskapsskillnad och sambouppl\u00f6sning - Advokatbyr\u00e5n Jessica Sandberg","og_description":"F\u00e5 trygg juridisk hj\u00e4lp vid \u00e4ktenskapsskillnad eller sambouppl\u00f6sning. Advokat Jessica Sandberg bist\u00e5r med bodelning, v\u00e5rdnad, samboavtal och r\u00e4ttsskydd.","og_url":"https:\/\/advokatsandberg.se\/en\/rattsomraden\/aktenskapsskillnad-och-samboupplosning\/","og_site_name":"Advokatbyr\u00e5n Jessica Sandberg","article_modified_time":"2025-07-15T10:43:28+00:00","og_image":[{"url":"https:\/\/advokatsandberg.se\/wp-content\/uploads\/2021\/10\/kelly-sikkema-beg4vkagLzs-unsplash.jpg"}],"twitter_card":"summary_large_image","twitter_misc":{"Estimated reading time":"3 minutes"},"schema":{"@context":"https:\/\/schema.org","@graph":[{"@type":"WebPage","@id":"https:\/\/advokatsandberg.se\/rattsomraden\/aktenskapsskillnad-och-samboupplosning\/","url":"https:\/\/advokatsandberg.se\/rattsomraden\/aktenskapsskillnad-och-samboupplosning\/","name":"\u00c4ktenskapsskillnad och sambouppl\u00f6sning - Advokatbyr\u00e5n Jessica Sandberg","isPartOf":{"@id":"https:\/\/advokatsandberg.se\/#website"},"datePublished":"2019-04-12T12:19:32+00:00","dateModified":"2025-07-15T10:43:28+00:00","description":"F\u00e5 trygg juridisk hj\u00e4lp vid \u00e4ktenskapsskillnad eller sambouppl\u00f6sning. Advokat Jessica Sandberg bist\u00e5r med bodelning, v\u00e5rdnad, samboavtal och r\u00e4ttsskydd.","breadcrumb":{"@id":"https:\/\/advokatsandberg.se\/rattsomraden\/aktenskapsskillnad-och-samboupplosning\/#breadcrumb"},"inLanguage":"en-GB","potentialAction":[{"@type":"ReadAction","target":["https:\/\/advokatsandberg.se\/rattsomraden\/aktenskapsskillnad-och-samboupplosning\/"]}]},{"@type":"BreadcrumbList","@id":"https:\/\/advokatsandberg.se\/rattsomraden\/aktenskapsskillnad-och-samboupplosning\/#breadcrumb","itemListElement":[{"@type":"ListItem","position":1,"name":"Hem","item":"https:\/\/advokatsandberg.se\/"},{"@type":"ListItem","position":2,"name":"R\u00e4ttsomr\u00e5den","item":"https:\/\/advokatsandberg.se\/en\/rattsomraden\/"},{"@type":"ListItem","position":3,"name":"\u00c4ktenskapsskillnad och sambouppl\u00f6sning"}]},{"@type":"WebSite","@id":"https:\/\/advokatsandberg.se\/#website","url":"https:\/\/advokatsandberg.se\/","name":"Advokatbyr\u00e5n Jessica Sandberg","description":"Svensk och internationell familjer\u00e4tt samt brottm\u00e5l","potentialAction":[{"@type":"SearchAction","target":{"@type":"EntryPoint","urlTemplate":"https:\/\/advokatsandberg.se\/?s={search_term_string}"},"query-input":"required name=search_term_string"}],"inLanguage":"en-GB"}]}},"_links":{"self":[{"href":"https:\/\/advokatsandberg.se\/en\/wp-json\/wp\/v2\/pages\/436"}],"collection":[{"href":"https:\/\/advokatsandberg.se\/en\/wp-json\/wp\/v2\/pages"}],"about":[{"href":"https:\/\/advokatsandberg.se\/en\/wp-json\/wp\/v2\/types\/page"}],"author":[{"embeddable":true,"href":"https:\/\/advokatsandberg.se\/en\/wp-json\/wp\/v2\/users\/5"}],"replies":[{"embeddable":true,"href":"https:\/\/advokatsandberg.se\/en\/wp-json\/wp\/v2\/comments?post=436"}],"version-history":[{"count":3,"href":"https:\/\/advokatsandberg.se\/en\/wp-json\/wp\/v2\/pages\/436\/revisions"}],"predecessor-version":[{"id":932,"href":"https:\/\/advokatsandberg.se\/en\/wp-json\/wp\/v2\/pages\/436\/revisions\/932"}],"up":[{"embeddable":true,"href":"https:\/\/advokatsandberg.se\/en\/wp-json\/wp\/v2\/pages\/437"}],"wp:attachment":[{"href":"https:\/\/advokatsandberg.se\/en\/wp-json\/wp\/v2\/media?parent=436"}],"curies":[{"name":"wp","href":"https:\/\/api.w.org\/{rel}","templated":true}]}}