{"id":437,"date":"2019-04-12T12:23:05","date_gmt":"2019-04-12T12:23:05","guid":{"rendered":"http:\/\/advokatsandberg.se\/?page_id=41"},"modified":"2022-10-07T07:59:23","modified_gmt":"2022-10-07T06:59:23","slug":"rattsomraden","status":"publish","type":"page","link":"https:\/\/advokatsandberg.se\/en\/rattsomraden\/","title":{"rendered":"Areas of services"},"content":{"rendered":"<p style=\"font-size:18px\">We are a human rights law firm with a focus on Swedish and international family law and criminal cases.<br><\/p>\n\n\n\n<div class=\"wp-block-cover alignwide has-background-dim-20 has-background-dim is-position-center-center\" style=\"min-height:375px\"><img decoding=\"async\" loading=\"lazy\" width=\"2500\" height=\"981\" class=\"wp-block-cover__image-background wp-image-550\" alt=\"\" src=\"https:\/\/advokatsandberg.se\/wp-content\/uploads\/2021\/05\/clarisse-meyer-jKU2NneZAbI-unsplash.jpg\" style=\"object-position:94% 65%\" data-object-fit=\"cover\" data-object-position=\"94% 65%\" srcset=\"https:\/\/advokatsandberg.se\/wp-content\/uploads\/2021\/05\/clarisse-meyer-jKU2NneZAbI-unsplash.jpg 2500w, https:\/\/advokatsandberg.se\/wp-content\/uploads\/2021\/05\/clarisse-meyer-jKU2NneZAbI-unsplash-300x118.jpg 300w, https:\/\/advokatsandberg.se\/wp-content\/uploads\/2021\/05\/clarisse-meyer-jKU2NneZAbI-unsplash-1024x402.jpg 1024w, https:\/\/advokatsandberg.se\/wp-content\/uploads\/2021\/05\/clarisse-meyer-jKU2NneZAbI-unsplash-768x301.jpg 768w, https:\/\/advokatsandberg.se\/wp-content\/uploads\/2021\/05\/clarisse-meyer-jKU2NneZAbI-unsplash-1536x603.jpg 1536w, https:\/\/advokatsandberg.se\/wp-content\/uploads\/2021\/05\/clarisse-meyer-jKU2NneZAbI-unsplash-2048x804.jpg 2048w, https:\/\/advokatsandberg.se\/wp-content\/uploads\/2021\/05\/clarisse-meyer-jKU2NneZAbI-unsplash-16x6.jpg 16w\" sizes=\"(max-width: 2500px) 100vw, 2500px\" \/><div class=\"wp-block-cover__inner-container\">\n<p class=\"has-text-align-center has-text-color\" style=\"color:#fffffa;font-size:74px;line-height:1.1\">Vi hj\u00e4lper dig med<\/p>\n<\/div><\/div>\n\n\n\n<div class=\"is-layout-flow wp-block-group alignwide\"><div class=\"wp-block-group__inner-container\">\n<div class=\"is-layout-flex wp-container-7 wp-block-columns alignwide\">\n<div class=\"is-layout-flow wp-block-column\">\n<h3><strong>Custody \/ Accommodation \/ Association<\/strong><\/h3>\n\n\n\n<p style=\"font-size:14px\">In disputes about children, it is important to seek legal advice as soon as possible that can guide the parent on how best to proceed in order to achieve the best possible solution for the parent and the child.<\/p>\n\n\n\n<div class=\"is-layout-flex wp-block-buttons\">\n<div class=\"wp-block-button has-custom-width wp-block-button__width-75 is-style-outline\"><a class=\"wp-block-button__link has-black-color has-white-background-color has-text-color has-background\" href=\"https:\/\/advokatsandberg.se\/en\/rattsomraden\/vardnad-boende-umgange\/\" style=\"border-radius:50px\">Read more<\/a><\/div>\n<\/div>\n<\/div>\n\n\n\n<div class=\"is-layout-flow wp-block-column\">\n<h3><strong>Child Abduction<\/strong><\/h3>\n\n\n\n<p style=\"font-size:14px\">Om du som f\u00f6r\u00e4lder har drabbats av att ditt barn har bortf\u00f6rts fr\u00e5n Sverige eller kvarh\u00e5lls h\u00e4r i Sverige s\u00e5 \u00e4r det mycket viktigt att skyndsamt anlita en Advokat som snabbt kan bist\u00e5 f\u00f6r att hj\u00e4lpa dig att \u00e5terf\u00f6ra barnet.&nbsp;<\/p>\n\n\n\n<div class=\"is-layout-flex wp-block-buttons\">\n<div class=\"wp-block-button has-custom-width wp-block-button__width-75 is-style-outline\"><a class=\"wp-block-button__link has-black-color has-white-background-color has-text-color has-background\" href=\"https:\/\/advokatsandberg.se\/en\/rattsomraden\/bortforande-av-barn\/\" style=\"border-radius:45px\">Read more<\/a><\/div>\n<\/div>\n<\/div>\n\n\n\n<div class=\"is-layout-flow wp-block-column\">\n<h3><strong>Plaintiff's Counsel<\/strong><\/h3>\n\n\n\n<p style=\"font-size:14px\">Om du har utsatts f\u00f6r brott eller p\u00e5 annat s\u00e4tt drabbats av skada med anledning av ett brott har du som regel r\u00e4tt till ett m\u00e5ls\u00e4gandebitr\u00e4de som tillvaratar dina intressen under r\u00e4ttsprocessen och \u00e4ven tillvaratar dina r\u00e4ttigheter till skadest\u00e5nd med anledning av brottet.&nbsp;<\/p>\n\n\n\n<div class=\"is-layout-flex wp-block-buttons\">\n<div class=\"wp-block-button has-custom-width wp-block-button__width-75 is-style-outline\"><a class=\"wp-block-button__link has-black-color has-white-background-color has-text-color has-background\" href=\"https:\/\/advokatsandberg.se\/en\/rattsomraden\/malsagandebitrade\/\" style=\"border-radius:50px\">Read more<\/a><\/div>\n<\/div>\n<\/div>\n<\/div>\n<\/div><\/div>\n\n\n\n<h3><\/h3>\n\n\n\n<div class=\"is-layout-flow wp-block-group alignwide\"><div class=\"wp-block-group__inner-container\">\n<div class=\"is-layout-flex wp-container-15 wp-block-columns alignwide\">\n<div class=\"is-layout-flow wp-block-column\">\n<h3><strong>Criminal Cases<\/strong><\/h3>\n\n\n\n<p style=\"font-size:14px\">We undertake assignments as public defenders in all types of criminal cases. We always do our utmost to ensure that our clients' rights are respected by police, prosecutors and judges.<\/p>\n\n\n\n<p><\/p>\n\n\n\n<div class=\"is-layout-flex wp-block-buttons\">\n<div class=\"wp-block-button has-custom-width wp-block-button__width-75 is-style-outline\"><a class=\"wp-block-button__link has-black-color has-white-background-color has-text-color has-background\" href=\"https:\/\/advokatsandberg.se\/en\/rattsomraden\/brottmal\/\" style=\"border-radius:50px\">Read more<\/a><\/div>\n<\/div>\n<\/div>\n\n\n\n<div class=\"is-layout-flow wp-block-column\">\n<h3><strong>\u00c4ktenskapsf\u00f6rord<\/strong> <strong>och samboavtal<\/strong><\/h3>\n\n\n\n<p style=\"font-size:14px\">F\u00f6r det fall du vill att din egendom ska kvarbli p\u00e5 visst s\u00e4tt vid en eventuell \u00e4ktenskapsskillnad eller sambouppl\u00f6sning \u00e4r det viktigt att du anlitar en Advokat som bist\u00e5r dig.<\/p>\n\n\n\n<p><\/p>\n\n\n\n<div class=\"is-layout-flex wp-block-buttons\">\n<div class=\"wp-block-button has-custom-width wp-block-button__width-75 is-style-outline\"><a class=\"wp-block-button__link has-black-color has-white-background-color has-text-color has-background\" href=\"https:\/\/advokatsandberg.se\/en\/rattsomraden\/aktenskapsforord-och-samboavtal\/\" style=\"border-radius:50px\">Read more<\/a><\/div>\n<\/div>\n<\/div>\n\n\n\n<div class=\"is-layout-flow wp-block-column\">\n<h3><strong>Divorce<\/strong><\/h3>\n\n\n\n<p>Vi bist\u00e5r i alla fr\u00e5gor som har samband med en \u00e4ktenskapsskillnad eller en sambouppl\u00f6sning och tillvaratar dina r\u00e4ttigheter och st\u00f6djer dig genom processen.<\/p>\n\n\n\n<div class=\"is-layout-flex wp-block-buttons\">\n<div class=\"wp-block-button has-custom-width wp-block-button__width-75 is-style-outline\"><a class=\"wp-block-button__link has-black-color has-white-background-color has-text-color has-background\" href=\"https:\/\/advokatsandberg.se\/en\/rattsomraden\/aktenskapsskillnad-och-samboupplosning\/\" style=\"border-radius:50px\">Read more<\/a><\/div>\n<\/div>\n<\/div>\n<\/div>\n<\/div><\/div>\n\n\n\n<div class=\"is-layout-flow wp-block-group alignwide\"><div class=\"wp-block-group__inner-container\">\n<div class=\"is-layout-flex wp-container-22 wp-block-columns alignwide\">\n<div class=\"is-layout-flow wp-block-column\">\n<h3>Inheritance law<\/h3>\n\n\n\n<p style=\"font-size:14px\">D\u00f6dsfall och arv &#8211; vi bist\u00e5r i alla arvstvister.  Advokat Jessica Sandberg har \u00e4ven m\u00e5nga \u00e4renden av internationellt slag d\u00e4r exempelvis en svensk medborgare avlider utomlands och tillg\u00e5ngar kan finnas i andra l\u00e4nder som \u00e4r f\u00f6rem\u00e5l f\u00f6r det svenska arvsskiftet.<\/p>\n\n\n\n<div class=\"is-layout-flex wp-block-buttons\">\n<div class=\"wp-block-button has-custom-width wp-block-button__width-75 is-style-outline\"><a class=\"wp-block-button__link has-black-color has-white-background-color has-text-color has-background\" href=\"https:\/\/advokatsandberg.se\/en\/rattsomraden\/arvsratt\/\" style=\"border-radius:50px\">Read more<\/a><\/div>\n<\/div>\n<\/div>\n\n\n\n<div class=\"is-layout-flow wp-block-column\">\n<h3>Testament<\/h3>\n\n\n\n<p style=\"font-size:14px\">F\u00f6r att minimera framtida tvister vid sin bortg\u00e5ng \u00e4r det l\u00e4mpligt att uppr\u00e4tta ett testamente som redog\u00f6r f\u00f6r hur du \u00f6nskar att dina tillg\u00e5ngar ska f\u00f6rdelas efter din bortg\u00e5ng.<\/p>\n\n\n\n<p><\/p>\n\n\n\n<div class=\"is-layout-flex wp-block-buttons\">\n<div class=\"wp-block-button has-custom-width wp-block-button__width-75 is-style-outline\"><a class=\"wp-block-button__link has-black-color has-white-background-color has-text-color has-background\" href=\"https:\/\/advokatsandberg.se\/en\/rattsomraden\/arvsratt\/\" style=\"border-radius:50px\">Read more <\/a><\/div>\n<\/div>\n<\/div>\n\n\n\n<div class=\"is-layout-flow wp-block-column\">\n<p><\/p>\n<\/div>\n<\/div>\n<\/div><\/div>\n\n\n\n<hr class=\"wp-block-separator\"\/>","protected":false},"excerpt":{"rendered":"<p>Vi \u00e4r en humanjuridisk advokatbyr\u00e5 med inriktning p\u00e5 svensk och internationell familjer\u00e4tt samt brottm\u00e5l. V\u00e5rdnad, boende och umg\u00e4nge I tvister om barn \u00e4r det viktigt att man s\u00e5 snart som m\u00f6jligt s\u00f6ker ett juridiskt bitr\u00e4de som kan v\u00e4gleda f\u00f6r\u00e4ldern hur man b\u00e4st ska g\u00e5 tillv\u00e4ga f\u00f6r att uppn\u00e5 en s\u00e5 bra l\u00f6sning som m\u00f6jligt f\u00f6r [&hellip;]<\/p>","protected":false},"author":5,"featured_media":0,"parent":0,"menu_order":0,"comment_status":"closed","ping_status":"closed","template":"","meta":[],"yoast_head":"<!-- This site is optimized with the Yoast SEO plugin v19.10 - https:\/\/yoast.com\/wordpress\/plugins\/seo\/ -->\n<title>R\u00e4ttsomr\u00e5den - Advokatbyr\u00e5n Jessica Sandberg<\/title>\n<meta name=\"robots\" content=\"index, follow, max-snippet:-1, max-image-preview:large, max-video-preview:-1\" \/>\n<link rel=\"canonical\" href=\"https:\/\/advokatsandberg.se\/en\/rattsomraden\/\" \/>\n<meta property=\"og:locale\" content=\"en_GB\" \/>\n<meta property=\"og:type\" content=\"article\" \/>\n<meta property=\"og:title\" content=\"R\u00e4ttsomr\u00e5den - Advokatbyr\u00e5n Jessica Sandberg\" \/>\n<meta property=\"og:description\" content=\"Vi \u00e4r en humanjuridisk advokatbyr\u00e5 med inriktning p\u00e5 svensk och internationell familjer\u00e4tt samt brottm\u00e5l. V\u00e5rdnad, boende och umg\u00e4nge I tvister om barn \u00e4r det viktigt att man s\u00e5 snart som m\u00f6jligt s\u00f6ker ett juridiskt bitr\u00e4de som kan v\u00e4gleda f\u00f6r\u00e4ldern hur man b\u00e4st ska g\u00e5 tillv\u00e4ga f\u00f6r att uppn\u00e5 en s\u00e5 bra l\u00f6sning som m\u00f6jligt f\u00f6r [&hellip;]\" \/>\n<meta property=\"og:url\" content=\"https:\/\/advokatsandberg.se\/en\/rattsomraden\/\" \/>\n<meta property=\"og:site_name\" content=\"Advokatbyr\u00e5n Jessica Sandberg\" \/>\n<meta property=\"article:modified_time\" content=\"2022-10-07T06:59:23+00:00\" \/>\n<meta property=\"og:image\" content=\"https:\/\/advokatsandberg.se\/wp-content\/uploads\/2021\/05\/clarisse-meyer-jKU2NneZAbI-unsplash.jpg\" \/>\n<meta name=\"twitter:card\" content=\"summary_large_image\" \/>\n<meta name=\"twitter:label1\" content=\"Estimated reading time\" \/>\n\t<meta name=\"twitter:data1\" content=\"2 minutes\" \/>\n<script type=\"application\/ld+json\" class=\"yoast-schema-graph\">{\"@context\":\"https:\/\/schema.org\",\"@graph\":[{\"@type\":\"WebPage\",\"@id\":\"https:\/\/advokatsandberg.se\/en\/rattsomraden\/\",\"url\":\"https:\/\/advokatsandberg.se\/en\/rattsomraden\/\",\"name\":\"R\u00e4ttsomr\u00e5den - Advokatbyr\u00e5n Jessica Sandberg\",\"isPartOf\":{\"@id\":\"https:\/\/advokatsandberg.se\/#website\"},\"datePublished\":\"2019-04-12T12:23:05+00:00\",\"dateModified\":\"2022-10-07T06:59:23+00:00\",\"breadcrumb\":{\"@id\":\"https:\/\/advokatsandberg.se\/en\/rattsomraden\/#breadcrumb\"},\"inLanguage\":\"en-GB\",\"potentialAction\":[{\"@type\":\"ReadAction\",\"target\":[\"https:\/\/advokatsandberg.se\/en\/rattsomraden\/\"]}]},{\"@type\":\"BreadcrumbList\",\"@id\":\"https:\/\/advokatsandberg.se\/en\/rattsomraden\/#breadcrumb\",\"itemListElement\":[{\"@type\":\"ListItem\",\"position\":1,\"name\":\"Hem\",\"item\":\"https:\/\/advokatsandberg.se\/\"},{\"@type\":\"ListItem\",\"position\":2,\"name\":\"R\u00e4ttsomr\u00e5den\"}]},{\"@type\":\"WebSite\",\"@id\":\"https:\/\/advokatsandberg.se\/#website\",\"url\":\"https:\/\/advokatsandberg.se\/\",\"name\":\"Advokatbyr\u00e5n Jessica Sandberg\",\"description\":\"Svensk och internationell familjer\u00e4tt samt brottm\u00e5l\",\"potentialAction\":[{\"@type\":\"SearchAction\",\"target\":{\"@type\":\"EntryPoint\",\"urlTemplate\":\"https:\/\/advokatsandberg.se\/?s={search_term_string}\"},\"query-input\":\"required name=search_term_string\"}],\"inLanguage\":\"en-GB\"}]}<\/script>\n<!-- \/ Yoast SEO plugin. -->","yoast_head_json":{"title":"R\u00e4ttsomr\u00e5den - Advokatbyr\u00e5n Jessica Sandberg","robots":{"index":"index","follow":"follow","max-snippet":"max-snippet:-1","max-image-preview":"max-image-preview:large","max-video-preview":"max-video-preview:-1"},"canonical":"https:\/\/advokatsandberg.se\/en\/rattsomraden\/","og_locale":"en_GB","og_type":"article","og_title":"R\u00e4ttsomr\u00e5den - Advokatbyr\u00e5n Jessica Sandberg","og_description":"Vi \u00e4r en humanjuridisk advokatbyr\u00e5 med inriktning p\u00e5 svensk och internationell familjer\u00e4tt samt brottm\u00e5l. V\u00e5rdnad, boende och umg\u00e4nge I tvister om barn \u00e4r det viktigt att man s\u00e5 snart som m\u00f6jligt s\u00f6ker ett juridiskt bitr\u00e4de som kan v\u00e4gleda f\u00f6r\u00e4ldern hur man b\u00e4st ska g\u00e5 tillv\u00e4ga f\u00f6r att uppn\u00e5 en s\u00e5 bra l\u00f6sning som m\u00f6jligt f\u00f6r [&hellip;]","og_url":"https:\/\/advokatsandberg.se\/en\/rattsomraden\/","og_site_name":"Advokatbyr\u00e5n Jessica Sandberg","article_modified_time":"2022-10-07T06:59:23+00:00","og_image":[{"url":"https:\/\/advokatsandberg.se\/wp-content\/uploads\/2021\/05\/clarisse-meyer-jKU2NneZAbI-unsplash.jpg"}],"twitter_card":"summary_large_image","twitter_misc":{"Estimated reading time":"2 minutes"},"schema":{"@context":"https:\/\/schema.org","@graph":[{"@type":"WebPage","@id":"https:\/\/advokatsandberg.se\/en\/rattsomraden\/","url":"https:\/\/advokatsandberg.se\/en\/rattsomraden\/","name":"R\u00e4ttsomr\u00e5den - Advokatbyr\u00e5n Jessica Sandberg","isPartOf":{"@id":"https:\/\/advokatsandberg.se\/#website"},"datePublished":"2019-04-12T12:23:05+00:00","dateModified":"2022-10-07T06:59:23+00:00","breadcrumb":{"@id":"https:\/\/advokatsandberg.se\/en\/rattsomraden\/#breadcrumb"},"inLanguage":"en-GB","potentialAction":[{"@type":"ReadAction","target":["https:\/\/advokatsandberg.se\/en\/rattsomraden\/"]}]},{"@type":"BreadcrumbList","@id":"https:\/\/advokatsandberg.se\/en\/rattsomraden\/#breadcrumb","itemListElement":[{"@type":"ListItem","position":1,"name":"Hem","item":"https:\/\/advokatsandberg.se\/"},{"@type":"ListItem","position":2,"name":"R\u00e4ttsomr\u00e5den"}]},{"@type":"WebSite","@id":"https:\/\/advokatsandberg.se\/#website","url":"https:\/\/advokatsandberg.se\/","name":"Advokatbyr\u00e5n Jessica Sandberg","description":"Svensk och internationell familjer\u00e4tt samt brottm\u00e5l","potentialAction":[{"@type":"SearchAction","target":{"@type":"EntryPoint","urlTemplate":"https:\/\/advokatsandberg.se\/?s={search_term_string}"},"query-input":"required name=search_term_string"}],"inLanguage":"en-GB"}]}},"_links":{"self":[{"href":"https:\/\/advokatsandberg.se\/en\/wp-json\/wp\/v2\/pages\/437"}],"collection":[{"href":"https:\/\/advokatsandberg.se\/en\/wp-json\/wp\/v2\/pages"}],"about":[{"href":"https:\/\/advokatsandberg.se\/en\/wp-json\/wp\/v2\/types\/page"}],"author":[{"embeddable":true,"href":"https:\/\/advokatsandberg.se\/en\/wp-json\/wp\/v2\/users\/5"}],"replies":[{"embeddable":true,"href":"https:\/\/advokatsandberg.se\/en\/wp-json\/wp\/v2\/comments?post=437"}],"version-history":[{"count":3,"href":"https:\/\/advokatsandberg.se\/en\/wp-json\/wp\/v2\/pages\/437\/revisions"}],"predecessor-version":[{"id":826,"href":"https:\/\/advokatsandberg.se\/en\/wp-json\/wp\/v2\/pages\/437\/revisions\/826"}],"wp:attachment":[{"href":"https:\/\/advokatsandberg.se\/en\/wp-json\/wp\/v2\/media?parent=437"}],"curies":[{"name":"wp","href":"https:\/\/api.w.org\/{rel}","templated":true}]}}