{"id":439,"date":"2019-04-12T12:42:01","date_gmt":"2019-04-12T12:42:01","guid":{"rendered":"http:\/\/advokatsandberg.se\/?page_id=70"},"modified":"2021-06-10T12:46:58","modified_gmt":"2021-06-10T11:46:58","slug":"paralegal-praktik","status":"publish","type":"page","link":"https:\/\/advokatsandberg.se\/en\/paralegal-praktik\/","title":{"rendered":"Apprentice"},"content":{"rendered":"<div class=\"wp-block-media-text alignwide is-stacked-on-mobile\" style=\"grid-template-columns:37% auto\"><figure class=\"wp-block-media-text__media\"><img decoding=\"async\" src=\"https:\/\/advokatsandberg.se\/wp-content\/uploads\/2019\/04\/you-x-ventures-1447892-unsplash-1024x697.jpg\" alt=\"\" class=\"wp-image-187 size-full\"\/><\/figure><div class=\"wp-block-media-text__content\">\n<p class=\"has-text-align-left\">Advokatbyr\u00e5n erbjuder praktik f\u00f6r dig som skriver uppsats inom v\u00e5ra r\u00e4ttsomr\u00e5den och brinner f\u00f6r humanjuridik. Kontakta oss via mail med din ans\u00f6kan inneh\u00e5llande din meritf\u00f6rteckning, betyg och referenser, meilet skickas till <a href=\"mailto:karolina@advokasandberg.se\" data-type=\"mailto\" data-id=\"mailto:karolina@advokasandberg.se\">karolina@advokasandberg.se<\/a><\/p>\n<\/div><\/div>","protected":false},"excerpt":{"rendered":"<p>Advokatbyr\u00e5n erbjuder praktik f\u00f6r dig som skriver uppsats inom v\u00e5ra r\u00e4ttsomr\u00e5den och brinner f\u00f6r humanjuridik. Kontakta oss via mail med din ans\u00f6kan inneh\u00e5llande din meritf\u00f6rteckning, betyg och referenser, meilet skickas till karolina@advokasandberg.se<\/p>","protected":false},"author":5,"featured_media":0,"parent":0,"menu_order":0,"comment_status":"closed","ping_status":"closed","template":"","meta":[],"yoast_head":"<!-- This site is optimized with the Yoast SEO plugin v19.10 - https:\/\/yoast.com\/wordpress\/plugins\/seo\/ -->\n<title>Praktik - Advokatbyr\u00e5n Jessica Sandberg<\/title>\n<meta name=\"robots\" content=\"index, follow, max-snippet:-1, max-image-preview:large, max-video-preview:-1\" \/>\n<link rel=\"canonical\" href=\"https:\/\/advokatsandberg.se\/en\/paralegal-praktik\/\" \/>\n<meta property=\"og:locale\" content=\"en_GB\" \/>\n<meta property=\"og:type\" content=\"article\" \/>\n<meta property=\"og:title\" content=\"Praktik - Advokatbyr\u00e5n Jessica Sandberg\" \/>\n<meta property=\"og:description\" content=\"Advokatbyr\u00e5n erbjuder praktik f\u00f6r dig som skriver uppsats inom v\u00e5ra r\u00e4ttsomr\u00e5den och brinner f\u00f6r humanjuridik. Kontakta oss via mail med din ans\u00f6kan inneh\u00e5llande din meritf\u00f6rteckning, betyg och referenser, meilet skickas till karolina@advokasandberg.se\" \/>\n<meta property=\"og:url\" content=\"https:\/\/advokatsandberg.se\/en\/paralegal-praktik\/\" \/>\n<meta property=\"og:site_name\" content=\"Advokatbyr\u00e5n Jessica Sandberg\" \/>\n<meta property=\"article:modified_time\" content=\"2021-06-10T11:46:58+00:00\" \/>\n<meta property=\"og:image\" content=\"https:\/\/advokatsandberg.se\/wp-content\/uploads\/2019\/04\/you-x-ventures-1447892-unsplash-1024x697.jpg\" \/>\n<meta name=\"twitter:card\" content=\"summary_large_image\" \/>\n<script type=\"application\/ld+json\" class=\"yoast-schema-graph\">{\"@context\":\"https:\/\/schema.org\",\"@graph\":[{\"@type\":\"WebPage\",\"@id\":\"https:\/\/advokatsandberg.se\/paralegal-praktik\/\",\"url\":\"https:\/\/advokatsandberg.se\/paralegal-praktik\/\",\"name\":\"Praktik - Advokatbyr\u00e5n Jessica Sandberg\",\"isPartOf\":{\"@id\":\"https:\/\/advokatsandberg.se\/#website\"},\"datePublished\":\"2019-04-12T12:42:01+00:00\",\"dateModified\":\"2021-06-10T11:46:58+00:00\",\"breadcrumb\":{\"@id\":\"https:\/\/advokatsandberg.se\/paralegal-praktik\/#breadcrumb\"},\"inLanguage\":\"en-GB\",\"potentialAction\":[{\"@type\":\"ReadAction\",\"target\":[\"https:\/\/advokatsandberg.se\/paralegal-praktik\/\"]}]},{\"@type\":\"BreadcrumbList\",\"@id\":\"https:\/\/advokatsandberg.se\/paralegal-praktik\/#breadcrumb\",\"itemListElement\":[{\"@type\":\"ListItem\",\"position\":1,\"name\":\"Hem\",\"item\":\"https:\/\/advokatsandberg.se\/\"},{\"@type\":\"ListItem\",\"position\":2,\"name\":\"Praktik\"}]},{\"@type\":\"WebSite\",\"@id\":\"https:\/\/advokatsandberg.se\/#website\",\"url\":\"https:\/\/advokatsandberg.se\/\",\"name\":\"Advokatbyr\u00e5n Jessica Sandberg\",\"description\":\"Svensk och internationell familjer\u00e4tt samt brottm\u00e5l\",\"potentialAction\":[{\"@type\":\"SearchAction\",\"target\":{\"@type\":\"EntryPoint\",\"urlTemplate\":\"https:\/\/advokatsandberg.se\/?s={search_term_string}\"},\"query-input\":\"required name=search_term_string\"}],\"inLanguage\":\"en-GB\"}]}<\/script>\n<!-- \/ Yoast SEO plugin. -->","yoast_head_json":{"title":"Praktik - Advokatbyr\u00e5n Jessica Sandberg","robots":{"index":"index","follow":"follow","max-snippet":"max-snippet:-1","max-image-preview":"max-image-preview:large","max-video-preview":"max-video-preview:-1"},"canonical":"https:\/\/advokatsandberg.se\/en\/paralegal-praktik\/","og_locale":"en_GB","og_type":"article","og_title":"Praktik - Advokatbyr\u00e5n Jessica Sandberg","og_description":"Advokatbyr\u00e5n erbjuder praktik f\u00f6r dig som skriver uppsats inom v\u00e5ra r\u00e4ttsomr\u00e5den och brinner f\u00f6r humanjuridik. Kontakta oss via mail med din ans\u00f6kan inneh\u00e5llande din meritf\u00f6rteckning, betyg och referenser, meilet skickas till karolina@advokasandberg.se","og_url":"https:\/\/advokatsandberg.se\/en\/paralegal-praktik\/","og_site_name":"Advokatbyr\u00e5n Jessica Sandberg","article_modified_time":"2021-06-10T11:46:58+00:00","og_image":[{"url":"https:\/\/advokatsandberg.se\/wp-content\/uploads\/2019\/04\/you-x-ventures-1447892-unsplash-1024x697.jpg"}],"twitter_card":"summary_large_image","schema":{"@context":"https:\/\/schema.org","@graph":[{"@type":"WebPage","@id":"https:\/\/advokatsandberg.se\/paralegal-praktik\/","url":"https:\/\/advokatsandberg.se\/paralegal-praktik\/","name":"Praktik - Advokatbyr\u00e5n Jessica Sandberg","isPartOf":{"@id":"https:\/\/advokatsandberg.se\/#website"},"datePublished":"2019-04-12T12:42:01+00:00","dateModified":"2021-06-10T11:46:58+00:00","breadcrumb":{"@id":"https:\/\/advokatsandberg.se\/paralegal-praktik\/#breadcrumb"},"inLanguage":"en-GB","potentialAction":[{"@type":"ReadAction","target":["https:\/\/advokatsandberg.se\/paralegal-praktik\/"]}]},{"@type":"BreadcrumbList","@id":"https:\/\/advokatsandberg.se\/paralegal-praktik\/#breadcrumb","itemListElement":[{"@type":"ListItem","position":1,"name":"Hem","item":"https:\/\/advokatsandberg.se\/"},{"@type":"ListItem","position":2,"name":"Praktik"}]},{"@type":"WebSite","@id":"https:\/\/advokatsandberg.se\/#website","url":"https:\/\/advokatsandberg.se\/","name":"Advokatbyr\u00e5n Jessica Sandberg","description":"Svensk och internationell familjer\u00e4tt samt brottm\u00e5l","potentialAction":[{"@type":"SearchAction","target":{"@type":"EntryPoint","urlTemplate":"https:\/\/advokatsandberg.se\/?s={search_term_string}"},"query-input":"required name=search_term_string"}],"inLanguage":"en-GB"}]}},"_links":{"self":[{"href":"https:\/\/advokatsandberg.se\/en\/wp-json\/wp\/v2\/pages\/439"}],"collection":[{"href":"https:\/\/advokatsandberg.se\/en\/wp-json\/wp\/v2\/pages"}],"about":[{"href":"https:\/\/advokatsandberg.se\/en\/wp-json\/wp\/v2\/types\/page"}],"author":[{"embeddable":true,"href":"https:\/\/advokatsandberg.se\/en\/wp-json\/wp\/v2\/users\/5"}],"replies":[{"embeddable":true,"href":"https:\/\/advokatsandberg.se\/en\/wp-json\/wp\/v2\/comments?post=439"}],"version-history":[{"count":1,"href":"https:\/\/advokatsandberg.se\/en\/wp-json\/wp\/v2\/pages\/439\/revisions"}],"predecessor-version":[{"id":613,"href":"https:\/\/advokatsandberg.se\/en\/wp-json\/wp\/v2\/pages\/439\/revisions\/613"}],"wp:attachment":[{"href":"https:\/\/advokatsandberg.se\/en\/wp-json\/wp\/v2\/media?parent=439"}],"curies":[{"name":"wp","href":"https:\/\/api.w.org\/{rel}","templated":true}]}}