{"id":442,"date":"2019-04-12T12:51:02","date_gmt":"2019-04-12T12:51:02","guid":{"rendered":"http:\/\/advokatsandberg.se\/?page_id=81"},"modified":"2025-07-15T11:21:21","modified_gmt":"2025-07-15T10:21:21","slug":"lediga-tjanster","status":"publish","type":"page","link":"https:\/\/advokatsandberg.se\/en\/lediga-tjanster\/","title":{"rendered":"Career"},"content":{"rendered":"<div class=\"wp-block-cover alignwide is-light is-position-center-center\" style=\"min-height:375px\"><span aria-hidden=\"true\" class=\"wp-block-cover__background has-background-dim-20 has-background-dim\"><\/span><img decoding=\"async\" loading=\"lazy\" width=\"2560\" height=\"1920\" class=\"wp-block-cover__image-background wp-image-701\" alt=\"\" src=\"https:\/\/advokatsandberg.se\/wp-content\/uploads\/2021\/10\/nick-morrison-FHnnjk1Yj7Y-unsplash-scaled.jpg\" style=\"object-position:55% 44%\" data-object-fit=\"cover\" data-object-position=\"55% 44%\" srcset=\"https:\/\/advokatsandberg.se\/wp-content\/uploads\/2021\/10\/nick-morrison-FHnnjk1Yj7Y-unsplash-scaled.jpg 2560w, https:\/\/advokatsandberg.se\/wp-content\/uploads\/2021\/10\/nick-morrison-FHnnjk1Yj7Y-unsplash-300x225.jpg 300w, https:\/\/advokatsandberg.se\/wp-content\/uploads\/2021\/10\/nick-morrison-FHnnjk1Yj7Y-unsplash-1024x768.jpg 1024w, https:\/\/advokatsandberg.se\/wp-content\/uploads\/2021\/10\/nick-morrison-FHnnjk1Yj7Y-unsplash-768x576.jpg 768w, https:\/\/advokatsandberg.se\/wp-content\/uploads\/2021\/10\/nick-morrison-FHnnjk1Yj7Y-unsplash-1536x1152.jpg 1536w, https:\/\/advokatsandberg.se\/wp-content\/uploads\/2021\/10\/nick-morrison-FHnnjk1Yj7Y-unsplash-2048x1536.jpg 2048w, https:\/\/advokatsandberg.se\/wp-content\/uploads\/2021\/10\/nick-morrison-FHnnjk1Yj7Y-unsplash-16x12.jpg 16w\" sizes=\"(max-width: 2560px) 100vw, 2560px\" \/><div class=\"wp-block-cover__inner-container\">\n<p class=\"has-text-align-center has-text-color\" style=\"color:#fffffa;font-size:74px;line-height:1.1\"><\/p>\n<\/div><\/div>\n\n\n\n<p><strong>Brinner du f\u00f6r humanjuridiken, fr\u00e4mst inom brottm\u00e5l och familjer\u00e4tt<\/strong>? <br>Det g\u00f6r vi ocks\u00e5. Vi f\u00f6renar kompetens med omsorg och engagemang f\u00f6r varje enskild klient. F\u00f6r oss \u00e4r samtliga klienter och deras \u00e4renden lika viktiga. Advokatbyr\u00e5n Jessica Sandberg AB \u00e4r en byr\u00e5 med s\u00e4rskild inriktning inom v\u00e5rdnad, brottm\u00e5l och uppdrag som m\u00e5ls\u00e4gandebitr\u00e4de f\u00f6r brottsoffer samt internationella barnbortf\u00f6rande\u00e4renden.<\/p>\n\n\n\n<p>H\u00e4r hittar du v\u00e5ra lediga tj\u00e4nster, klicka p\u00e5 knappen och l\u00e4s mer. V\u00e4lkommen med din ans\u00f6kan!<\/p>\n\n\n\n<div class=\"is-layout-flex wp-block-buttons\">\n<div class=\"wp-block-button\"><a class=\"wp-block-button__link has-white-color has-vivid-cyan-blue-background-color has-text-color has-background wp-element-button\" href=\"https:\/\/advokatsandberg.se\/en\/lediga-tjanster\/vi-vaxer-och-soker-jurist-till-vart-kontor-i-visby\/\" style=\"border-radius:4px\" target=\"_blank\" rel=\"noreferrer noopener\">Visbykontoret<\/a><\/div>\n\n\n\n<div class=\"wp-block-button\"><a class=\"wp-block-button__link has-white-color has-vivid-cyan-blue-background-color has-text-color has-background wp-element-button\" href=\"https:\/\/advokatsandberg.se\/en\/lediga-tjanster\/vi-vaxer-och-soker-jurist-till-vart-kontor-i-stockholm\/\" style=\"border-radius:4px\">Stockholmskontoret<\/a><\/div>\n<\/div>\n\n\n\n<p><\/p>","protected":false},"excerpt":{"rendered":"<p>Brinner du f\u00f6r humanjuridiken, fr\u00e4mst inom brottm\u00e5l och familjer\u00e4tt? Det g\u00f6r vi ocks\u00e5. Vi f\u00f6renar kompetens med omsorg och engagemang f\u00f6r varje enskild klient. F\u00f6r oss \u00e4r samtliga klienter och deras \u00e4renden lika viktiga. Advokatbyr\u00e5n Jessica Sandberg AB \u00e4r en byr\u00e5 med s\u00e4rskild inriktning inom v\u00e5rdnad, brottm\u00e5l och uppdrag som m\u00e5ls\u00e4gandebitr\u00e4de f\u00f6r brottsoffer samt internationella [&hellip;]<\/p>","protected":false},"author":5,"featured_media":0,"parent":0,"menu_order":0,"comment_status":"closed","ping_status":"closed","template":"","meta":[],"yoast_head":"<!-- This site is optimized with the Yoast SEO plugin v19.10 - https:\/\/yoast.com\/wordpress\/plugins\/seo\/ -->\n<title>Jobba hos oss - Advokatbyr\u00e5n Jessica Sandberg<\/title>\n<meta name=\"robots\" content=\"index, follow, max-snippet:-1, max-image-preview:large, max-video-preview:-1\" \/>\n<link rel=\"canonical\" href=\"https:\/\/advokatsandberg.se\/en\/lediga-tjanster\/\" \/>\n<meta property=\"og:locale\" content=\"en_GB\" \/>\n<meta property=\"og:type\" content=\"article\" \/>\n<meta property=\"og:title\" content=\"Jobba hos oss - Advokatbyr\u00e5n Jessica Sandberg\" \/>\n<meta property=\"og:description\" content=\"Brinner du f\u00f6r humanjuridiken, fr\u00e4mst inom brottm\u00e5l och familjer\u00e4tt? Det g\u00f6r vi ocks\u00e5. Vi f\u00f6renar kompetens med omsorg och engagemang f\u00f6r varje enskild klient. F\u00f6r oss \u00e4r samtliga klienter och deras \u00e4renden lika viktiga. Advokatbyr\u00e5n Jessica Sandberg AB \u00e4r en byr\u00e5 med s\u00e4rskild inriktning inom v\u00e5rdnad, brottm\u00e5l och uppdrag som m\u00e5ls\u00e4gandebitr\u00e4de f\u00f6r brottsoffer samt internationella [&hellip;]\" \/>\n<meta property=\"og:url\" content=\"https:\/\/advokatsandberg.se\/en\/lediga-tjanster\/\" \/>\n<meta property=\"og:site_name\" content=\"Advokatbyr\u00e5n Jessica Sandberg\" \/>\n<meta property=\"article:modified_time\" content=\"2025-07-15T10:21:21+00:00\" \/>\n<meta property=\"og:image\" content=\"https:\/\/advokatsandberg.se\/wp-content\/uploads\/2021\/10\/nick-morrison-FHnnjk1Yj7Y-unsplash-scaled.jpg\" \/>\n<meta name=\"twitter:card\" content=\"summary_large_image\" \/>\n<meta name=\"twitter:label1\" content=\"Estimated reading time\" \/>\n\t<meta name=\"twitter:data1\" content=\"1 minute\" \/>\n<script type=\"application\/ld+json\" class=\"yoast-schema-graph\">{\"@context\":\"https:\/\/schema.org\",\"@graph\":[{\"@type\":\"WebPage\",\"@id\":\"https:\/\/advokatsandberg.se\/lediga-tjanster\/\",\"url\":\"https:\/\/advokatsandberg.se\/lediga-tjanster\/\",\"name\":\"Jobba hos oss - Advokatbyr\u00e5n Jessica Sandberg\",\"isPartOf\":{\"@id\":\"https:\/\/advokatsandberg.se\/#website\"},\"datePublished\":\"2019-04-12T12:51:02+00:00\",\"dateModified\":\"2025-07-15T10:21:21+00:00\",\"breadcrumb\":{\"@id\":\"https:\/\/advokatsandberg.se\/lediga-tjanster\/#breadcrumb\"},\"inLanguage\":\"en-GB\",\"potentialAction\":[{\"@type\":\"ReadAction\",\"target\":[\"https:\/\/advokatsandberg.se\/lediga-tjanster\/\"]}]},{\"@type\":\"BreadcrumbList\",\"@id\":\"https:\/\/advokatsandberg.se\/lediga-tjanster\/#breadcrumb\",\"itemListElement\":[{\"@type\":\"ListItem\",\"position\":1,\"name\":\"Hem\",\"item\":\"https:\/\/advokatsandberg.se\/\"},{\"@type\":\"ListItem\",\"position\":2,\"name\":\"Jobba hos oss\"}]},{\"@type\":\"WebSite\",\"@id\":\"https:\/\/advokatsandberg.se\/#website\",\"url\":\"https:\/\/advokatsandberg.se\/\",\"name\":\"Advokatbyr\u00e5n Jessica Sandberg\",\"description\":\"Svensk och internationell familjer\u00e4tt samt brottm\u00e5l\",\"potentialAction\":[{\"@type\":\"SearchAction\",\"target\":{\"@type\":\"EntryPoint\",\"urlTemplate\":\"https:\/\/advokatsandberg.se\/?s={search_term_string}\"},\"query-input\":\"required name=search_term_string\"}],\"inLanguage\":\"en-GB\"}]}<\/script>\n<!-- \/ Yoast SEO plugin. -->","yoast_head_json":{"title":"Jobba hos oss - Advokatbyr\u00e5n Jessica Sandberg","robots":{"index":"index","follow":"follow","max-snippet":"max-snippet:-1","max-image-preview":"max-image-preview:large","max-video-preview":"max-video-preview:-1"},"canonical":"https:\/\/advokatsandberg.se\/en\/lediga-tjanster\/","og_locale":"en_GB","og_type":"article","og_title":"Jobba hos oss - Advokatbyr\u00e5n Jessica Sandberg","og_description":"Brinner du f\u00f6r humanjuridiken, fr\u00e4mst inom brottm\u00e5l och familjer\u00e4tt? Det g\u00f6r vi ocks\u00e5. Vi f\u00f6renar kompetens med omsorg och engagemang f\u00f6r varje enskild klient. F\u00f6r oss \u00e4r samtliga klienter och deras \u00e4renden lika viktiga. Advokatbyr\u00e5n Jessica Sandberg AB \u00e4r en byr\u00e5 med s\u00e4rskild inriktning inom v\u00e5rdnad, brottm\u00e5l och uppdrag som m\u00e5ls\u00e4gandebitr\u00e4de f\u00f6r brottsoffer samt internationella [&hellip;]","og_url":"https:\/\/advokatsandberg.se\/en\/lediga-tjanster\/","og_site_name":"Advokatbyr\u00e5n Jessica Sandberg","article_modified_time":"2025-07-15T10:21:21+00:00","og_image":[{"url":"https:\/\/advokatsandberg.se\/wp-content\/uploads\/2021\/10\/nick-morrison-FHnnjk1Yj7Y-unsplash-scaled.jpg"}],"twitter_card":"summary_large_image","twitter_misc":{"Estimated reading time":"1 minute"},"schema":{"@context":"https:\/\/schema.org","@graph":[{"@type":"WebPage","@id":"https:\/\/advokatsandberg.se\/lediga-tjanster\/","url":"https:\/\/advokatsandberg.se\/lediga-tjanster\/","name":"Jobba hos oss - Advokatbyr\u00e5n Jessica Sandberg","isPartOf":{"@id":"https:\/\/advokatsandberg.se\/#website"},"datePublished":"2019-04-12T12:51:02+00:00","dateModified":"2025-07-15T10:21:21+00:00","breadcrumb":{"@id":"https:\/\/advokatsandberg.se\/lediga-tjanster\/#breadcrumb"},"inLanguage":"en-GB","potentialAction":[{"@type":"ReadAction","target":["https:\/\/advokatsandberg.se\/lediga-tjanster\/"]}]},{"@type":"BreadcrumbList","@id":"https:\/\/advokatsandberg.se\/lediga-tjanster\/#breadcrumb","itemListElement":[{"@type":"ListItem","position":1,"name":"Hem","item":"https:\/\/advokatsandberg.se\/"},{"@type":"ListItem","position":2,"name":"Jobba hos oss"}]},{"@type":"WebSite","@id":"https:\/\/advokatsandberg.se\/#website","url":"https:\/\/advokatsandberg.se\/","name":"Advokatbyr\u00e5n Jessica Sandberg","description":"Svensk och internationell familjer\u00e4tt samt brottm\u00e5l","potentialAction":[{"@type":"SearchAction","target":{"@type":"EntryPoint","urlTemplate":"https:\/\/advokatsandberg.se\/?s={search_term_string}"},"query-input":"required name=search_term_string"}],"inLanguage":"en-GB"}]}},"_links":{"self":[{"href":"https:\/\/advokatsandberg.se\/en\/wp-json\/wp\/v2\/pages\/442"}],"collection":[{"href":"https:\/\/advokatsandberg.se\/en\/wp-json\/wp\/v2\/pages"}],"about":[{"href":"https:\/\/advokatsandberg.se\/en\/wp-json\/wp\/v2\/types\/page"}],"author":[{"embeddable":true,"href":"https:\/\/advokatsandberg.se\/en\/wp-json\/wp\/v2\/users\/5"}],"replies":[{"embeddable":true,"href":"https:\/\/advokatsandberg.se\/en\/wp-json\/wp\/v2\/comments?post=442"}],"version-history":[{"count":16,"href":"https:\/\/advokatsandberg.se\/en\/wp-json\/wp\/v2\/pages\/442\/revisions"}],"predecessor-version":[{"id":924,"href":"https:\/\/advokatsandberg.se\/en\/wp-json\/wp\/v2\/pages\/442\/revisions\/924"}],"wp:attachment":[{"href":"https:\/\/advokatsandberg.se\/en\/wp-json\/wp\/v2\/media?parent=442"}],"curies":[{"name":"wp","href":"https:\/\/api.w.org\/{rel}","templated":true}]}}