{"id":5,"date":"2020-11-08T16:37:07","date_gmt":"2020-11-08T16:37:07","guid":{"rendered":"http:\/\/bengtsson\/?page_id=5"},"modified":"2025-07-15T10:29:46","modified_gmt":"2025-07-15T09:29:46","slug":"front-page","status":"publish","type":"page","link":"https:\/\/advokatsandberg.se\/en\/","title":{"rendered":"Hem"},"content":{"rendered":"","protected":false},"excerpt":{"rendered":"","protected":false},"author":6,"featured_media":352,"parent":0,"menu_order":0,"comment_status":"closed","ping_status":"closed","template":"page-templates\/front-page.php","meta":[],"yoast_head":"<!-- This site is optimized with the Yoast SEO plugin v19.10 - https:\/\/yoast.com\/wordpress\/plugins\/seo\/ -->\n<title>Hem - Advokatbyr\u00e5n Jessica Sandberg<\/title>\n<meta name=\"description\" content=\"Advokatbyr\u00e5n Jessica Sandberg AB \u00e4r en byr\u00e5 med s\u00e4rskild inriktning inom v\u00e5rdnad, brottm\u00e5l och uppdrag som m\u00e5ls\u00e4gandebitr\u00e4de f\u00f6r brottsoffer samt internationella barnbortf\u00f6rande\u00e4renden.\" \/>\n<meta name=\"robots\" content=\"index, follow, max-snippet:-1, max-image-preview:large, max-video-preview:-1\" \/>\n<link rel=\"canonical\" href=\"https:\/\/advokatsandberg.se\/en\/\" \/>\n<meta property=\"og:locale\" content=\"en_GB\" \/>\n<meta property=\"og:type\" content=\"article\" \/>\n<meta property=\"og:title\" content=\"Hem - Advokatbyr\u00e5n Jessica Sandberg\" \/>\n<meta property=\"og:description\" content=\"Advokatbyr\u00e5n Jessica Sandberg AB \u00e4r en byr\u00e5 med s\u00e4rskild inriktning inom v\u00e5rdnad, brottm\u00e5l och uppdrag som m\u00e5ls\u00e4gandebitr\u00e4de f\u00f6r brottsoffer samt internationella barnbortf\u00f6rande\u00e4renden.\" \/>\n<meta property=\"og:url\" content=\"https:\/\/advokatsandberg.se\/en\/\" \/>\n<meta property=\"og:site_name\" content=\"Advokatbyr\u00e5n Jessica Sandberg\" \/>\n<meta property=\"article:modified_time\" content=\"2025-07-15T09:29:46+00:00\" \/>\n<meta property=\"og:image\" content=\"https:\/\/advokatsandberg.se\/wp-content\/uploads\/2019\/04\/cropped-jenn-evelyn-ann-112980-unsplash-e1555148451456.jpg\" \/>\n\t<meta property=\"og:image:width\" content=\"1950\" \/>\n\t<meta property=\"og:image:height\" content=\"499\" \/>\n\t<meta property=\"og:image:type\" content=\"image\/jpeg\" \/>\n<meta name=\"twitter:card\" content=\"summary_large_image\" \/>\n<script type=\"application\/ld+json\" class=\"yoast-schema-graph\">{\"@context\":\"https:\/\/schema.org\",\"@graph\":[{\"@type\":\"WebPage\",\"@id\":\"https:\/\/advokatsandberg.se\/\",\"url\":\"https:\/\/advokatsandberg.se\/\",\"name\":\"Hem - Advokatbyr\u00e5n Jessica Sandberg\",\"isPartOf\":{\"@id\":\"https:\/\/advokatsandberg.se\/#website\"},\"datePublished\":\"2020-11-08T16:37:07+00:00\",\"dateModified\":\"2025-07-15T09:29:46+00:00\",\"description\":\"Advokatbyr\u00e5n Jessica Sandberg AB \u00e4r en byr\u00e5 med s\u00e4rskild inriktning inom v\u00e5rdnad, brottm\u00e5l och uppdrag som m\u00e5ls\u00e4gandebitr\u00e4de f\u00f6r brottsoffer samt internationella barnbortf\u00f6rande\u00e4renden.\",\"breadcrumb\":{\"@id\":\"https:\/\/advokatsandberg.se\/#breadcrumb\"},\"inLanguage\":\"en-GB\",\"potentialAction\":[{\"@type\":\"ReadAction\",\"target\":[\"https:\/\/advokatsandberg.se\/\"]}]},{\"@type\":\"BreadcrumbList\",\"@id\":\"https:\/\/advokatsandberg.se\/#breadcrumb\",\"itemListElement\":[{\"@type\":\"ListItem\",\"position\":1,\"name\":\"Hem\",\"item\":\"https:\/\/advokatsandberg.se\/\"},{\"@type\":\"ListItem\",\"position\":2,\"name\":\"Hem\"}]},{\"@type\":\"WebSite\",\"@id\":\"https:\/\/advokatsandberg.se\/#website\",\"url\":\"https:\/\/advokatsandberg.se\/\",\"name\":\"Advokatbyr\u00e5n Jessica Sandberg\",\"description\":\"Svensk och internationell familjer\u00e4tt samt brottm\u00e5l\",\"potentialAction\":[{\"@type\":\"SearchAction\",\"target\":{\"@type\":\"EntryPoint\",\"urlTemplate\":\"https:\/\/advokatsandberg.se\/?s={search_term_string}\"},\"query-input\":\"required name=search_term_string\"}],\"inLanguage\":\"en-GB\"}]}<\/script>\n<!-- \/ Yoast SEO plugin. -->","yoast_head_json":{"title":"Hem - Advokatbyr\u00e5n Jessica Sandberg","description":"Advokatbyr\u00e5n Jessica Sandberg AB \u00e4r en byr\u00e5 med s\u00e4rskild inriktning inom v\u00e5rdnad, brottm\u00e5l och uppdrag som m\u00e5ls\u00e4gandebitr\u00e4de f\u00f6r brottsoffer samt internationella barnbortf\u00f6rande\u00e4renden.","robots":{"index":"index","follow":"follow","max-snippet":"max-snippet:-1","max-image-preview":"max-image-preview:large","max-video-preview":"max-video-preview:-1"},"canonical":"https:\/\/advokatsandberg.se\/en\/","og_locale":"en_GB","og_type":"article","og_title":"Hem - Advokatbyr\u00e5n Jessica Sandberg","og_description":"Advokatbyr\u00e5n Jessica Sandberg AB \u00e4r en byr\u00e5 med s\u00e4rskild inriktning inom v\u00e5rdnad, brottm\u00e5l och uppdrag som m\u00e5ls\u00e4gandebitr\u00e4de f\u00f6r brottsoffer samt internationella barnbortf\u00f6rande\u00e4renden.","og_url":"https:\/\/advokatsandberg.se\/en\/","og_site_name":"Advokatbyr\u00e5n Jessica Sandberg","article_modified_time":"2025-07-15T09:29:46+00:00","og_image":[{"width":1950,"height":499,"url":"https:\/\/advokatsandberg.se\/wp-content\/uploads\/2019\/04\/cropped-jenn-evelyn-ann-112980-unsplash-e1555148451456.jpg","type":"image\/jpeg"}],"twitter_card":"summary_large_image","schema":{"@context":"https:\/\/schema.org","@graph":[{"@type":"WebPage","@id":"https:\/\/advokatsandberg.se\/","url":"https:\/\/advokatsandberg.se\/","name":"Hem - Advokatbyr\u00e5n Jessica Sandberg","isPartOf":{"@id":"https:\/\/advokatsandberg.se\/#website"},"datePublished":"2020-11-08T16:37:07+00:00","dateModified":"2025-07-15T09:29:46+00:00","description":"Advokatbyr\u00e5n Jessica Sandberg AB \u00e4r en byr\u00e5 med s\u00e4rskild inriktning inom v\u00e5rdnad, brottm\u00e5l och uppdrag som m\u00e5ls\u00e4gandebitr\u00e4de f\u00f6r brottsoffer samt internationella barnbortf\u00f6rande\u00e4renden.","breadcrumb":{"@id":"https:\/\/advokatsandberg.se\/#breadcrumb"},"inLanguage":"en-GB","potentialAction":[{"@type":"ReadAction","target":["https:\/\/advokatsandberg.se\/"]}]},{"@type":"BreadcrumbList","@id":"https:\/\/advokatsandberg.se\/#breadcrumb","itemListElement":[{"@type":"ListItem","position":1,"name":"Hem","item":"https:\/\/advokatsandberg.se\/"},{"@type":"ListItem","position":2,"name":"Hem"}]},{"@type":"WebSite","@id":"https:\/\/advokatsandberg.se\/#website","url":"https:\/\/advokatsandberg.se\/","name":"Advokatbyr\u00e5n Jessica Sandberg","description":"Svensk och internationell familjer\u00e4tt samt brottm\u00e5l","potentialAction":[{"@type":"SearchAction","target":{"@type":"EntryPoint","urlTemplate":"https:\/\/advokatsandberg.se\/?s={search_term_string}"},"query-input":"required name=search_term_string"}],"inLanguage":"en-GB"}]}},"_links":{"self":[{"href":"https:\/\/advokatsandberg.se\/en\/wp-json\/wp\/v2\/pages\/5"}],"collection":[{"href":"https:\/\/advokatsandberg.se\/en\/wp-json\/wp\/v2\/pages"}],"about":[{"href":"https:\/\/advokatsandberg.se\/en\/wp-json\/wp\/v2\/types\/page"}],"author":[{"embeddable":true,"href":"https:\/\/advokatsandberg.se\/en\/wp-json\/wp\/v2\/users\/6"}],"replies":[{"embeddable":true,"href":"https:\/\/advokatsandberg.se\/en\/wp-json\/wp\/v2\/comments?post=5"}],"version-history":[{"count":13,"href":"https:\/\/advokatsandberg.se\/en\/wp-json\/wp\/v2\/pages\/5\/revisions"}],"predecessor-version":[{"id":914,"href":"https:\/\/advokatsandberg.se\/en\/wp-json\/wp\/v2\/pages\/5\/revisions\/914"}],"wp:featuredmedia":[{"embeddable":true,"href":"https:\/\/advokatsandberg.se\/en\/wp-json\/wp\/v2\/media\/352"}],"wp:attachment":[{"href":"https:\/\/advokatsandberg.se\/en\/wp-json\/wp\/v2\/media?parent=5"}],"curies":[{"name":"wp","href":"https:\/\/api.w.org\/{rel}","templated":true}]}}