{"id":693,"date":"2021-10-10T08:34:18","date_gmt":"2021-10-10T07:34:18","guid":{"rendered":"https:\/\/advokatsandberg.se\/?page_id=693"},"modified":"2025-07-15T11:22:45","modified_gmt":"2025-07-15T10:22:45","slug":"vi-vaxer-och-soker-jurist-till-vart-kontor-i-stockholm","status":"publish","type":"page","link":"https:\/\/advokatsandberg.se\/en\/lediga-tjanster\/vi-vaxer-och-soker-jurist-till-vart-kontor-i-stockholm\/","title":{"rendered":"Vi s\u00f6ker jurist till v\u00e5rt kontor i Stockholm"},"content":{"rendered":"<p><strong>Vi p\u00e5 advokatbyr\u00e5n Jessica Sandberg AB s\u00f6ker en kollega som brinner f\u00f6r humanjuridiken; fr\u00e4mst inom brottm\u00e5l och familjer\u00e4tt.<\/strong><\/p>\n\n\n\n<p>Advokatbyr\u00e5n Jessica Sandberg AB \u00e4r en byr\u00e5 med inriktning inom svensk och internationell familjer\u00e4tt samt brottm\u00e5l. Byr\u00e5n har s\u00e4rskild inriktning mot internationella barnbortf\u00f6randen samt brottsoffer vilket inneb\u00e4r att vi f\u00f6retr\u00e4der klienter \u00f6ver hela landet och utomlands.<\/p>\n\n\n\n<p>D\u00e5 advokatbyr\u00e5n \u00e4ven har kontor i Visby kan vid behov \u00e4ven arbete ske d\u00e4rifr\u00e5n.<\/p>\n\n\n\n<p>Ut\u00f6ver ett stort intresse f\u00f6r de r\u00e4ttsomr\u00e5den vi arbetar med ska du vara serviceinriktad, noggrann, m\u00e5lmedveten, arbeta sj\u00e4lvst\u00e4ndigt men samtidigt vara en lagspelare och \u00e4ven tidvis kunna arbeta under h\u00f6gt tempo.<\/p>\n\n\n\n<p>Arbetet inneb\u00e4r till stor del att f\u00f6retr\u00e4da klienter som befinner sig i sv\u00e5ra situationer, d\u00e4rf\u00f6r \u00e4r det viktigt f\u00f6r oss att du har minst 2 \u00e5rs praktisk erfarenhet av juridiskt arbete fr\u00e5n advokatbyr\u00e5, domstol, myndighet eller motsvarande. Tingstj\u00e4nstg\u00f6ring \u00e4r meriterande.<\/p>\n\n\n\n<p>Tj\u00e4nsten p\u00e5b\u00f6rjas enligt \u00f6verenskommelse.<\/p>\n\n\n\n<p>V\u00e4lkommen med din ans\u00f6kan, skickas till: info@advokatsandberg.se<\/p>\n\n\n\n<p><\/p>","protected":false},"excerpt":{"rendered":"<p>Vi p\u00e5 advokatbyr\u00e5n Jessica Sandberg AB s\u00f6ker en kollega som brinner f\u00f6r humanjuridiken; fr\u00e4mst inom brottm\u00e5l och familjer\u00e4tt. Advokatbyr\u00e5n Jessica Sandberg AB \u00e4r en byr\u00e5 med inriktning inom svensk och internationell familjer\u00e4tt samt brottm\u00e5l. Byr\u00e5n har s\u00e4rskild inriktning mot internationella barnbortf\u00f6randen samt brottsoffer vilket inneb\u00e4r att vi f\u00f6retr\u00e4der klienter \u00f6ver hela landet och utomlands. D\u00e5 [&hellip;]<\/p>","protected":false},"author":6,"featured_media":0,"parent":442,"menu_order":0,"comment_status":"closed","ping_status":"closed","template":"","meta":[],"yoast_head":"<!-- This site is optimized with the Yoast SEO plugin v19.10 - https:\/\/yoast.com\/wordpress\/plugins\/seo\/ -->\n<title>Vi s\u00f6ker jurist till v\u00e5rt kontor i Stockholm - Advokatbyr\u00e5n Jessica Sandberg<\/title>\n<meta name=\"robots\" content=\"index, follow, max-snippet:-1, max-image-preview:large, max-video-preview:-1\" \/>\n<link rel=\"canonical\" href=\"https:\/\/advokatsandberg.se\/en\/lediga-tjanster\/vi-vaxer-och-soker-jurist-till-vart-kontor-i-stockholm\/\" \/>\n<meta property=\"og:locale\" content=\"en_GB\" \/>\n<meta property=\"og:type\" content=\"article\" \/>\n<meta property=\"og:title\" content=\"Vi s\u00f6ker jurist till v\u00e5rt kontor i Stockholm - Advokatbyr\u00e5n Jessica Sandberg\" \/>\n<meta property=\"og:description\" content=\"Vi p\u00e5 advokatbyr\u00e5n Jessica Sandberg AB s\u00f6ker en kollega som brinner f\u00f6r humanjuridiken; fr\u00e4mst inom brottm\u00e5l och familjer\u00e4tt. Advokatbyr\u00e5n Jessica Sandberg AB \u00e4r en byr\u00e5 med inriktning inom svensk och internationell familjer\u00e4tt samt brottm\u00e5l. Byr\u00e5n har s\u00e4rskild inriktning mot internationella barnbortf\u00f6randen samt brottsoffer vilket inneb\u00e4r att vi f\u00f6retr\u00e4der klienter \u00f6ver hela landet och utomlands. D\u00e5 [&hellip;]\" \/>\n<meta property=\"og:url\" content=\"https:\/\/advokatsandberg.se\/en\/lediga-tjanster\/vi-vaxer-och-soker-jurist-till-vart-kontor-i-stockholm\/\" \/>\n<meta property=\"og:site_name\" content=\"Advokatbyr\u00e5n Jessica Sandberg\" \/>\n<meta property=\"article:modified_time\" content=\"2025-07-15T10:22:45+00:00\" \/>\n<meta name=\"twitter:card\" content=\"summary_large_image\" \/>\n<meta name=\"twitter:label1\" content=\"Estimated reading time\" \/>\n\t<meta name=\"twitter:data1\" content=\"1 minute\" \/>\n<script type=\"application\/ld+json\" class=\"yoast-schema-graph\">{\"@context\":\"https:\/\/schema.org\",\"@graph\":[{\"@type\":\"WebPage\",\"@id\":\"https:\/\/advokatsandberg.se\/lediga-tjanster\/vi-vaxer-och-soker-jurist-till-vart-kontor-i-stockholm\/\",\"url\":\"https:\/\/advokatsandberg.se\/lediga-tjanster\/vi-vaxer-och-soker-jurist-till-vart-kontor-i-stockholm\/\",\"name\":\"Vi s\u00f6ker jurist till v\u00e5rt kontor i Stockholm - Advokatbyr\u00e5n Jessica Sandberg\",\"isPartOf\":{\"@id\":\"https:\/\/advokatsandberg.se\/#website\"},\"datePublished\":\"2021-10-10T07:34:18+00:00\",\"dateModified\":\"2025-07-15T10:22:45+00:00\",\"breadcrumb\":{\"@id\":\"https:\/\/advokatsandberg.se\/lediga-tjanster\/vi-vaxer-och-soker-jurist-till-vart-kontor-i-stockholm\/#breadcrumb\"},\"inLanguage\":\"en-GB\",\"potentialAction\":[{\"@type\":\"ReadAction\",\"target\":[\"https:\/\/advokatsandberg.se\/lediga-tjanster\/vi-vaxer-och-soker-jurist-till-vart-kontor-i-stockholm\/\"]}]},{\"@type\":\"BreadcrumbList\",\"@id\":\"https:\/\/advokatsandberg.se\/lediga-tjanster\/vi-vaxer-och-soker-jurist-till-vart-kontor-i-stockholm\/#breadcrumb\",\"itemListElement\":[{\"@type\":\"ListItem\",\"position\":1,\"name\":\"Hem\",\"item\":\"https:\/\/advokatsandberg.se\/\"},{\"@type\":\"ListItem\",\"position\":2,\"name\":\"Jobba hos oss\",\"item\":\"https:\/\/advokatsandberg.se\/lediga-tjanster\/\"},{\"@type\":\"ListItem\",\"position\":3,\"name\":\"Vi s\u00f6ker jurist till v\u00e5rt kontor i Stockholm\"}]},{\"@type\":\"WebSite\",\"@id\":\"https:\/\/advokatsandberg.se\/#website\",\"url\":\"https:\/\/advokatsandberg.se\/\",\"name\":\"Advokatbyr\u00e5n Jessica Sandberg\",\"description\":\"Svensk och internationell familjer\u00e4tt samt brottm\u00e5l\",\"potentialAction\":[{\"@type\":\"SearchAction\",\"target\":{\"@type\":\"EntryPoint\",\"urlTemplate\":\"https:\/\/advokatsandberg.se\/?s={search_term_string}\"},\"query-input\":\"required name=search_term_string\"}],\"inLanguage\":\"en-GB\"}]}<\/script>\n<!-- \/ Yoast SEO plugin. -->","yoast_head_json":{"title":"Vi s\u00f6ker jurist till v\u00e5rt kontor i Stockholm - Advokatbyr\u00e5n Jessica Sandberg","robots":{"index":"index","follow":"follow","max-snippet":"max-snippet:-1","max-image-preview":"max-image-preview:large","max-video-preview":"max-video-preview:-1"},"canonical":"https:\/\/advokatsandberg.se\/en\/lediga-tjanster\/vi-vaxer-och-soker-jurist-till-vart-kontor-i-stockholm\/","og_locale":"en_GB","og_type":"article","og_title":"Vi s\u00f6ker jurist till v\u00e5rt kontor i Stockholm - Advokatbyr\u00e5n Jessica Sandberg","og_description":"Vi p\u00e5 advokatbyr\u00e5n Jessica Sandberg AB s\u00f6ker en kollega som brinner f\u00f6r humanjuridiken; fr\u00e4mst inom brottm\u00e5l och familjer\u00e4tt. Advokatbyr\u00e5n Jessica Sandberg AB \u00e4r en byr\u00e5 med inriktning inom svensk och internationell familjer\u00e4tt samt brottm\u00e5l. Byr\u00e5n har s\u00e4rskild inriktning mot internationella barnbortf\u00f6randen samt brottsoffer vilket inneb\u00e4r att vi f\u00f6retr\u00e4der klienter \u00f6ver hela landet och utomlands. D\u00e5 [&hellip;]","og_url":"https:\/\/advokatsandberg.se\/en\/lediga-tjanster\/vi-vaxer-och-soker-jurist-till-vart-kontor-i-stockholm\/","og_site_name":"Advokatbyr\u00e5n Jessica Sandberg","article_modified_time":"2025-07-15T10:22:45+00:00","twitter_card":"summary_large_image","twitter_misc":{"Estimated reading time":"1 minute"},"schema":{"@context":"https:\/\/schema.org","@graph":[{"@type":"WebPage","@id":"https:\/\/advokatsandberg.se\/lediga-tjanster\/vi-vaxer-och-soker-jurist-till-vart-kontor-i-stockholm\/","url":"https:\/\/advokatsandberg.se\/lediga-tjanster\/vi-vaxer-och-soker-jurist-till-vart-kontor-i-stockholm\/","name":"Vi s\u00f6ker jurist till v\u00e5rt kontor i Stockholm - Advokatbyr\u00e5n Jessica Sandberg","isPartOf":{"@id":"https:\/\/advokatsandberg.se\/#website"},"datePublished":"2021-10-10T07:34:18+00:00","dateModified":"2025-07-15T10:22:45+00:00","breadcrumb":{"@id":"https:\/\/advokatsandberg.se\/lediga-tjanster\/vi-vaxer-och-soker-jurist-till-vart-kontor-i-stockholm\/#breadcrumb"},"inLanguage":"en-GB","potentialAction":[{"@type":"ReadAction","target":["https:\/\/advokatsandberg.se\/lediga-tjanster\/vi-vaxer-och-soker-jurist-till-vart-kontor-i-stockholm\/"]}]},{"@type":"BreadcrumbList","@id":"https:\/\/advokatsandberg.se\/lediga-tjanster\/vi-vaxer-och-soker-jurist-till-vart-kontor-i-stockholm\/#breadcrumb","itemListElement":[{"@type":"ListItem","position":1,"name":"Hem","item":"https:\/\/advokatsandberg.se\/"},{"@type":"ListItem","position":2,"name":"Jobba hos oss","item":"https:\/\/advokatsandberg.se\/lediga-tjanster\/"},{"@type":"ListItem","position":3,"name":"Vi s\u00f6ker jurist till v\u00e5rt kontor i Stockholm"}]},{"@type":"WebSite","@id":"https:\/\/advokatsandberg.se\/#website","url":"https:\/\/advokatsandberg.se\/","name":"Advokatbyr\u00e5n Jessica Sandberg","description":"Svensk och internationell familjer\u00e4tt samt brottm\u00e5l","potentialAction":[{"@type":"SearchAction","target":{"@type":"EntryPoint","urlTemplate":"https:\/\/advokatsandberg.se\/?s={search_term_string}"},"query-input":"required name=search_term_string"}],"inLanguage":"en-GB"}]}},"_links":{"self":[{"href":"https:\/\/advokatsandberg.se\/en\/wp-json\/wp\/v2\/pages\/693"}],"collection":[{"href":"https:\/\/advokatsandberg.se\/en\/wp-json\/wp\/v2\/pages"}],"about":[{"href":"https:\/\/advokatsandberg.se\/en\/wp-json\/wp\/v2\/types\/page"}],"author":[{"embeddable":true,"href":"https:\/\/advokatsandberg.se\/en\/wp-json\/wp\/v2\/users\/6"}],"replies":[{"embeddable":true,"href":"https:\/\/advokatsandberg.se\/en\/wp-json\/wp\/v2\/comments?post=693"}],"version-history":[{"count":3,"href":"https:\/\/advokatsandberg.se\/en\/wp-json\/wp\/v2\/pages\/693\/revisions"}],"predecessor-version":[{"id":926,"href":"https:\/\/advokatsandberg.se\/en\/wp-json\/wp\/v2\/pages\/693\/revisions\/926"}],"up":[{"embeddable":true,"href":"https:\/\/advokatsandberg.se\/en\/wp-json\/wp\/v2\/pages\/442"}],"wp:attachment":[{"href":"https:\/\/advokatsandberg.se\/en\/wp-json\/wp\/v2\/media?parent=693"}],"curies":[{"name":"wp","href":"https:\/\/api.w.org\/{rel}","templated":true}]}}